{"id":1073,"date":"2022-09-16T11:28:20","date_gmt":"2022-09-16T11:28:20","guid":{"rendered":"https:\/\/greenbepharma.com\/rsc\/"},"modified":"2023-02-14T12:20:34","modified_gmt":"2023-02-14T12:20:34","slug":"rsc","status":"publish","type":"page","link":"https:\/\/greenbepharma.com\/pt-pt\/rsc\/","title":{"rendered":"RSE"},"content":{"rendered":"<div class=\"block block-banner\">\n        <div class=\"banner-title\">\n            Respons\u00e1vel, \u00e9tico e comprometido        <\/div>\n                    <img loading=\"lazy\" decoding=\"async\" width=\"1900\" height=\"423\" src=\"https:\/\/greenbepharma.com\/wp-content\/uploads\/2022\/10\/banner.jpg\" class=\"banner-image\" alt=\"Banner\" title=\"Banner\" srcset=\"https:\/\/greenbepharma.com\/wp-content\/uploads\/2022\/10\/banner.jpg 1900w, https:\/\/greenbepharma.com\/wp-content\/uploads\/2022\/10\/banner-900x200.jpg 900w, https:\/\/greenbepharma.com\/wp-content\/uploads\/2022\/10\/banner-768x171.jpg 768w, https:\/\/greenbepharma.com\/wp-content\/uploads\/2022\/10\/banner-1536x342.jpg 1536w\" \/>            <\/div>\n\n\n<div class=\"block block-multimedia-text wrap\">\n    <div class=\"grid-flex\">\n        <div class=\"col col-multimedia col-right\">\n                            <div class=\"image-container\">\n                                            <img loading=\"lazy\" decoding=\"async\" width=\"1900\" height=\"1267\" src=\"https:\/\/greenbepharma.com\/wp-content\/uploads\/2022\/11\/Desarrollo-de-productos-enfocados-a-las-necesidades-de-la-industria.jpg\" class=\"image\" alt=\"Desarrollo de productos enfocados a las necesidades de la industria\" title=\"Desarrollo de productos enfocados a las necesidades de la industria\" srcset=\"https:\/\/greenbepharma.com\/wp-content\/uploads\/2022\/11\/Desarrollo-de-productos-enfocados-a-las-necesidades-de-la-industria.jpg 1900w, https:\/\/greenbepharma.com\/wp-content\/uploads\/2022\/11\/Desarrollo-de-productos-enfocados-a-las-necesidades-de-la-industria-900x600.jpg 900w, https:\/\/greenbepharma.com\/wp-content\/uploads\/2022\/11\/Desarrollo-de-productos-enfocados-a-las-necesidades-de-la-industria-768x512.jpg 768w, https:\/\/greenbepharma.com\/wp-content\/uploads\/2022\/11\/Desarrollo-de-productos-enfocados-a-las-necesidades-de-la-industria-1536x1024.jpg 1536w\" \/>                                    <\/div>\n                    <\/div>\n        <div class=\"col col-text\">\n                            <div class=\"title\">\n                    Desenvolvimento de produtos  focado nas necessidades da ind\u00fastria\n                <\/div>\n                                        <div class=\"text\">\n                    <p><span style=\"font-weight: 400;\">Produzimos a gen\u00e9tica mais adequada para cada aplica\u00e7\u00e3o,sob especifica\u00e7\u00e3o do cliente com um vasto espectro de quimiotipos, perfis terp\u00e9nicos, flavon\u00f3ides e outras mol\u00e9culas de interesse para a ind\u00fastria farmac\u00eautica. Temos acesso aos principais bancos mundiais de gen\u00e9tica legal protegida para usos medicinais.\u00a0<\/span><\/p>\n<p><span style=\"font-weight: 400;\">\u00a0<\/span><\/p>\n<p>\u00a0<\/p>\n<p><span style=\"font-weight: 400;\">Tamb\u00e9m desenvolvemos programas espec\u00edficos de variedades \u00e0 medida, em colabora\u00e7\u00e3o com os principais centros de melhoramento e de investiga\u00e7\u00e3o mundiais. Podemos fornecer Substancias Ativas para ensaios cl\u00ednicos, estudos observacionais e projetos de investiga\u00e7\u00e3o por contrato sob\u00a0 pedido.<\/span><\/p>\n<p><span style=\"font-weight: 400;\">\u00a0<\/span><\/p>\n                <\/div>\n                                              \n        <\/div>\n    <\/div>\n<\/div>\n\n<div class=\"block block-multimedia-text wrap\">\n    <div class=\"grid-flex\">\n        <div class=\"col col-multimedia col-left\">\n                            <div class=\"image-container\">\n                                            <img loading=\"lazy\" decoding=\"async\" width=\"1900\" height=\"1264\" src=\"https:\/\/greenbepharma.com\/wp-content\/uploads\/2022\/11\/Fabricacion-a-la-demanda-y-controles-de-calidad-exhaustivos.jpg\" class=\"image\" alt=\"Fabricaci\u00f3n a la demanda y controles de calidad exhaustivos\" title=\"Fabricaci\u00f3n a la demanda y controles de calidad exhaustivos\" srcset=\"https:\/\/greenbepharma.com\/wp-content\/uploads\/2022\/11\/Fabricacion-a-la-demanda-y-controles-de-calidad-exhaustivos.jpg 1900w, https:\/\/greenbepharma.com\/wp-content\/uploads\/2022\/11\/Fabricacion-a-la-demanda-y-controles-de-calidad-exhaustivos-900x599.jpg 900w, https:\/\/greenbepharma.com\/wp-content\/uploads\/2022\/11\/Fabricacion-a-la-demanda-y-controles-de-calidad-exhaustivos-768x511.jpg 768w, https:\/\/greenbepharma.com\/wp-content\/uploads\/2022\/11\/Fabricacion-a-la-demanda-y-controles-de-calidad-exhaustivos-1536x1022.jpg 1536w\" \/>                                    <\/div>\n                    <\/div>\n        <div class=\"col col-text\">\n                            <div class=\"title\">\n                    Formula\u00e7\u00f5es inovadoras e controlo de qualidade abrangente\n                <\/div>\n                                        <div class=\"text\">\n                    <p><span style=\"font-weight: 400;\">Gra\u00e7as ao nosso sistema de fabrico flex\u00edvel, com tempo de produ\u00e7\u00e3o suficiente, podemos fornecer pequenos lotes de produ\u00e7\u00e3o semanal, para diferentes mercados ou aplica\u00e7\u00f5es.\u00a0 O nosso laborat\u00f3rio de valida\u00e7\u00e3o e controlo de qualidade foi concebido para a monitoriza\u00e7\u00e3o e supervis\u00e3o cont\u00ednua de todos os processos de produ\u00e7\u00e3o sob normas GACP, desde as estacas e plantas-m\u00e3e at\u00e9 ao final da colheita, e com BPF europeias ao longo de todo o processo de fabrico de API, que come\u00e7a na fase de aparagem das influresc\u00eancias e termina antes do envio.<\/span><\/p>\n                <\/div>\n                                              \n        <\/div>\n    <\/div>\n<\/div>\n\n<div class=\"block block-multimedia-text wrap\">\n    <div class=\"grid-flex\">\n        <div class=\"col col-multimedia col-right\">\n                            <div class=\"image-container\">\n                                            <img loading=\"lazy\" decoding=\"async\" width=\"1900\" height=\"1267\" src=\"https:\/\/greenbepharma.com\/wp-content\/uploads\/2022\/11\/Practicas-sostenibles-y-modelos-de-produccion-responsables.jpg\" class=\"image\" alt=\"Pr\u00e1cticas sostenibles y modelos de producci\u00f3n responsables\" title=\"Pr\u00e1cticas sostenibles y modelos de producci\u00f3n responsables\" srcset=\"https:\/\/greenbepharma.com\/wp-content\/uploads\/2022\/11\/Practicas-sostenibles-y-modelos-de-produccion-responsables.jpg 1900w, https:\/\/greenbepharma.com\/wp-content\/uploads\/2022\/11\/Practicas-sostenibles-y-modelos-de-produccion-responsables-900x600.jpg 900w, https:\/\/greenbepharma.com\/wp-content\/uploads\/2022\/11\/Practicas-sostenibles-y-modelos-de-produccion-responsables-768x512.jpg 768w, https:\/\/greenbepharma.com\/wp-content\/uploads\/2022\/11\/Practicas-sostenibles-y-modelos-de-produccion-responsables-1536x1024.jpg 1536w\" \/>                                    <\/div>\n                    <\/div>\n        <div class=\"col col-text\">\n                            <div class=\"title\">\n                    Pr\u00e1ticas sustent\u00e1veis e modelos de produ\u00e7\u00e3o respons\u00e1vel \n                <\/div>\n                                        <div class=\"text\">\n                    <p><span style=\"font-weight: 400;\">No Alentejo, temos condi\u00e7\u00f5es ideais a nivel de horas de luz natural para o crescimento da nossa fase vegetativa em estufas de alta tecnologia, o que nos permite uma efici\u00eancia energ\u00e9tica imbat\u00edvel. Para al\u00e9m de produzir uma parte muito significativa da energia com pain\u00e9is fotovoltaicos, utilizamos os restos da biomassa das nossas outras produ\u00e7\u00f5es agr\u00edcolas (principalmente olivais e casca de am\u00eandoas) para aquecer as estufas em tempos de maior necessidade energ\u00e9tica, priveligiando a econom\u00eda circular. Os res\u00edduos vegetais gerados na nossa atividade ser\u00e3o compostados e reutilizados como fertilizante nas nossas outras produ\u00e7\u00f5es agr\u00edcolas.<\/span><\/p>\n                <\/div>\n                                              \n        <\/div>\n    <\/div>\n<\/div>\n\n<div class=\"block block-multimedia-text wrap\">\n    <div class=\"grid-flex\">\n        <div class=\"col col-multimedia col-left\">\n                            <div class=\"image-container\">\n                                            <img loading=\"lazy\" decoding=\"async\" width=\"1900\" height=\"1267\" src=\"https:\/\/greenbepharma.com\/wp-content\/uploads\/2022\/11\/Innovacion-en-sistemas-productivos-de-alta-eficiencia.jpg\" class=\"image\" alt=\"Innovaci\u00f3n en sistemas productivos de alta eficiencia\" title=\"Innovaci\u00f3n en sistemas productivos de alta eficiencia\" srcset=\"https:\/\/greenbepharma.com\/wp-content\/uploads\/2022\/11\/Innovacion-en-sistemas-productivos-de-alta-eficiencia.jpg 1900w, https:\/\/greenbepharma.com\/wp-content\/uploads\/2022\/11\/Innovacion-en-sistemas-productivos-de-alta-eficiencia-900x600.jpg 900w, https:\/\/greenbepharma.com\/wp-content\/uploads\/2022\/11\/Innovacion-en-sistemas-productivos-de-alta-eficiencia-768x512.jpg 768w, https:\/\/greenbepharma.com\/wp-content\/uploads\/2022\/11\/Innovacion-en-sistemas-productivos-de-alta-eficiencia-1536x1024.jpg 1536w\" \/>                                    <\/div>\n                    <\/div>\n        <div class=\"col col-text\">\n                            <div class=\"title\">\n                    Inova\u00e7\u00e3o em sistemas de produ\u00e7\u00e3o altamente eficientes\n                <\/div>\n                                        <div class=\"text\">\n                    <p><span style=\"font-weight: 400;\">Uma equipa multidisciplinar de engenheiros agr\u00edcolas com experi\u00eancia em biosistemas, numa empresa com experi\u00eancia acumulada ao longo de cinco gera\u00e7\u00f5es, \u00e9 capaz de encontrar a melhor solu\u00e7\u00e3o t\u00e9cnica para cada situa\u00e7\u00e3o utilizando o m\u00ednimo de recursos. Testamos cada variedade que usamos no cultivo antes de a validarmos e adaptamos as fases do processo \u00e0s especifica\u00e7\u00f5es do cliente para a express\u00e3o m\u00e1xima dos quimi\u00f3tipos desejados em cada contrato de fornecimento.<\/span><\/p>\n                <\/div>\n                                              \n        <\/div>\n    <\/div>\n<\/div>\n\n<div class=\"block block-images wrap\">\n            <div class=\"images_list swiper\">\n        <div class=\"swiper-wrapper\">\n             \n                    <\/div>\n        <div class=\"swiper-button-next\"><\/div>\n        <div class=\"swiper-button-prev\"><\/div>\n    <\/div>\n<\/div>\n\n\n<div class=\"block block-cta\" style=\"background: url('https:\/\/greenbepharma.com\/wp-content\/uploads\/2022\/09\/conoce-como-contribuimos-al-cuidado-de-la-salud.jpg'); background-repeat: no-repeat; background-size: cover; background-position: center;\">\n        <div class=\"block-cta-content\">\n                            <div class=\"title\">\n                    Descubra como contribu\u00edmos para a sa\u00fade                <\/div>\n                                \n                                                                                <a href=\"\/es\/cannabis-medicinal\/\" class=\"button three\" target=\"_self\" aria-label=\"Saber m\u00e1s\">Ver mais<\/a>\n                    <\/div>\n    <\/div>\n","protected":false},"excerpt":{"rendered":"","protected":false},"author":1,"featured_media":0,"parent":0,"menu_order":0,"comment_status":"closed","ping_status":"closed","template":"","meta":{"footnotes":""},"class_list":["post-1073","page","type-page","status-publish","hentry"],"_links":{"self":[{"href":"https:\/\/greenbepharma.com\/pt-pt\/wp-json\/wp\/v2\/pages\/1073","targetHints":{"allow":["GET"]}}],"collection":[{"href":"https:\/\/greenbepharma.com\/pt-pt\/wp-json\/wp\/v2\/pages"}],"about":[{"href":"https:\/\/greenbepharma.com\/pt-pt\/wp-json\/wp\/v2\/types\/page"}],"author":[{"embeddable":true,"href":"https:\/\/greenbepharma.com\/pt-pt\/wp-json\/wp\/v2\/users\/1"}],"replies":[{"embeddable":true,"href":"https:\/\/greenbepharma.com\/pt-pt\/wp-json\/wp\/v2\/comments?post=1073"}],"version-history":[{"count":0,"href":"https:\/\/greenbepharma.com\/pt-pt\/wp-json\/wp\/v2\/pages\/1073\/revisions"}],"wp:attachment":[{"href":"https:\/\/greenbepharma.com\/pt-pt\/wp-json\/wp\/v2\/media?parent=1073"}],"curies":[{"name":"wp","href":"https:\/\/api.w.org\/{rel}","templated":true}]}}