{"id":1058,"date":"2022-10-06T10:17:00","date_gmt":"2022-10-06T10:17:00","guid":{"rendered":"https:\/\/greenbepharma.com\/politica-de-cookies\/"},"modified":"2023-02-16T06:46:39","modified_gmt":"2023-02-16T06:46:39","slug":"politica-de-cookies","status":"publish","type":"page","link":"https:\/\/greenbepharma.com\/pt-pt\/politica-de-cookies\/","title":{"rendered":"Cookies"},"content":{"rendered":"\n<h1 class=\"wp-block-heading\">Cookies<\/h1>\n\n\n\n<div style=\"height:25px\" aria-hidden=\"true\" class=\"wp-block-spacer\"><\/div>\n\n\n\n<p>Os cookies s\u00e3o ficheiros digitais com pequenos fragmentos de informa\u00e7\u00e3o (e geralmente com um identificador \u00fanico), que s\u00e3o descarregados e armazenados no dispositivo do visitante de um dado website. Podem ser tempor\u00e1rios (sendo automaticamente apagados quando o browser \u00e9 fechado) ou persistentes (at\u00e9 uma data de expira\u00e7\u00e3o definida) bem como originais (definidos pela entidade que opera o site) ou da responsabilidade de terceiros.<\/p>\n\n\n\n<p>Os cookies podem ser categorizados face ao prop\u00f3sito que servem.<\/p>\n\n\n\n<p>Existem cookies que s\u00e3o estritamente necess\u00e1rios ao funcionamento do website, enquanto que outros recolhem informa\u00e7\u00e3o estat\u00edstica com o intuito de analisar a utiliza\u00e7\u00e3o do website e respetivo desempenho.<\/p>\n\n\n\n<p>H\u00e1 cookies que s\u00e3o utilizados para assegurar a disponibiliza\u00e7\u00e3o de funcionalidades adicionais ao website ou para guardar as prefer\u00eancias do visitante relativamente \u00e0 navega\u00e7\u00e3o do mesmo, sempre que utilizar o mesmo dispositivo.<\/p>\n\n\n\n<p>Outros cookies podem ainda servir para medir o sucesso de aplica\u00e7\u00f5es e a efic\u00e1cia da publicidade de terceiros.<\/p>\n\n\n\n<p>A informa\u00e7\u00e3o recolhida atrav\u00e9s de Cookies n\u00e3o ser\u00e1 tratada pelo Grupo de forma a tornar o titular identificado ou identific\u00e1vel, sempre que eventualmente n\u00e3o seja o caso, ao utilizador ser\u00e1 sempre solicitado consentimento para tratamento dos dados, nos termos legais.<\/p>\n","protected":false},"excerpt":{"rendered":"<p>Cookies Os cookies s\u00e3o ficheiros digitais com pequenos fragmentos de informa\u00e7\u00e3o (e geralmente com um identificador \u00fanico), que s\u00e3o descarregados e armazenados no dispositivo do visitante de um dado website. Podem ser tempor\u00e1rios (sendo automaticamente apagados quando o browser \u00e9 fechado) ou persistentes (at\u00e9 uma data de expira\u00e7\u00e3o definida) bem como originais (definidos pela entidade&hellip;<\/p>\n","protected":false},"author":1,"featured_media":0,"parent":0,"menu_order":0,"comment_status":"closed","ping_status":"closed","template":"","meta":{"footnotes":""},"class_list":["post-1058","page","type-page","status-publish","hentry"],"_links":{"self":[{"href":"https:\/\/greenbepharma.com\/pt-pt\/wp-json\/wp\/v2\/pages\/1058","targetHints":{"allow":["GET"]}}],"collection":[{"href":"https:\/\/greenbepharma.com\/pt-pt\/wp-json\/wp\/v2\/pages"}],"about":[{"href":"https:\/\/greenbepharma.com\/pt-pt\/wp-json\/wp\/v2\/types\/page"}],"author":[{"embeddable":true,"href":"https:\/\/greenbepharma.com\/pt-pt\/wp-json\/wp\/v2\/users\/1"}],"replies":[{"embeddable":true,"href":"https:\/\/greenbepharma.com\/pt-pt\/wp-json\/wp\/v2\/comments?post=1058"}],"version-history":[{"count":0,"href":"https:\/\/greenbepharma.com\/pt-pt\/wp-json\/wp\/v2\/pages\/1058\/revisions"}],"wp:attachment":[{"href":"https:\/\/greenbepharma.com\/pt-pt\/wp-json\/wp\/v2\/media?parent=1058"}],"curies":[{"name":"wp","href":"https:\/\/api.w.org\/{rel}","templated":true}]}}