{"id":1053,"date":"2022-09-16T11:18:02","date_gmt":"2022-09-16T11:18:02","guid":{"rendered":"https:\/\/greenbepharma.com\/nuestro-equipo\/"},"modified":"2025-12-29T08:12:48","modified_gmt":"2025-12-29T08:12:48","slug":"team","status":"publish","type":"page","link":"https:\/\/greenbepharma.com\/pt-pt\/team\/","title":{"rendered":"Equipa"},"content":{"rendered":"<div class=\"block block-banner\">\n        <div class=\"banner-title\">\n            Os melhores profissionais em Cannabis Medicinal        <\/div>\n                    <img loading=\"lazy\" decoding=\"async\" width=\"1900\" height=\"423\" src=\"https:\/\/greenbepharma.com\/wp-content\/uploads\/2022\/10\/banner.jpg\" class=\"banner-image\" alt=\"Banner\" title=\"Banner\" srcset=\"https:\/\/greenbepharma.com\/wp-content\/uploads\/2022\/10\/banner.jpg 1900w, https:\/\/greenbepharma.com\/wp-content\/uploads\/2022\/10\/banner-900x200.jpg 900w, https:\/\/greenbepharma.com\/wp-content\/uploads\/2022\/10\/banner-768x171.jpg 768w, https:\/\/greenbepharma.com\/wp-content\/uploads\/2022\/10\/banner-1536x342.jpg 1536w\" \/>            <\/div>\n\n\n<div class=\"block block-text wrap\">\n            <div class=\"title\">\n             O valor da GreenBe Pharma        <\/div>\n                <div class=\"text\">\n            <p><span style=\"font-weight: 400;\">A equipa da GreenBe Pharma \u00e9 constitu\u00edda pelos melhores profissionais da ind\u00fastria e o nosso processo de melhoramento inclui selec\u00e7\u00e3o, forma\u00e7\u00e3o e treino cont\u00ednuo. Incluimos planos de crescimento, promo\u00e7\u00e3o e reten\u00e7\u00e3o dos melhores, procurando conciliar a vida familiar dos nossos empregados com o seu desenvolvimento pessoal e profissional, de modo a que a empresa seja colocada no mesmo plano que as aspira\u00e7\u00f5es dos seus talentos.<\/span><\/p>\n<p><span style=\"font-weight: 400;\">\u00a0<\/span><\/p>        <\/div>\n        <\/div>\n\n<div class=\"block block-images wrap\">\n            <div class=\"title\">\n            Gest\u00e3o:        <\/div>\n                <div class=\"images_list_center\">\n            <div class=\"images_list_center_wrapper\">\n                                    <div class=\"images\">\n                                                    <div class=\"images-image\">\n                                                                <img loading=\"lazy\" decoding=\"async\" width=\"165\" height=\"245\" src=\"https:\/\/greenbepharma.com\/wp-content\/uploads\/2023\/03\/ELJ.jpg\" class=\"\" alt=\"\" title=\"ELJ\" \/>\n                            <\/div>\n                                                                            <div class=\"images-title\">\n                                Eliecer L\u00f3pez Jim\u00e9nez <\/br><strong>Director de Desenvolvimento de Neg\u00f3cios<\/strong>                            <\/div>\n                                            <\/div>\n                                    <div class=\"images\">\n                                                    <div class=\"images-image\">\n                                                                <img loading=\"lazy\" decoding=\"async\" width=\"165\" height=\"245\" src=\"https:\/\/greenbepharma.com\/wp-content\/uploads\/2023\/03\/Nelson.jpg\" class=\"\" alt=\"\" title=\"Nelson\" \/>\n                            <\/div>\n                                                                            <div class=\"images-title\">\n                                Nelson M. Solas Berbem <\/br><strong>Director de Manuten\u00e7\u00e3o<\/strong>                            <\/div>\n                                            <\/div>\n                            <\/div>\n        <\/div>\n        <\/div>\n\n\n<div class=\"block block-images wrap\">\n            <div class=\"images_list swiper\">\n        <div class=\"swiper-wrapper\">\n             \n                    <\/div>\n        <div class=\"swiper-button-next\"><\/div>\n        <div class=\"swiper-button-prev\"><\/div>\n    <\/div>\n<\/div>\n\n\n<div class=\"block block-cta\" style=\"background: url('https:\/\/greenbepharma.com\/wp-content\/uploads\/2022\/09\/nuestra-responsabilidad-social-corporativa.jpg'); background-repeat: no-repeat; background-size: cover; background-position: center;\">\n        <div class=\"block-cta-content\">\n                            <div class=\"title\">\n                    Nossa Responsabilidade Social Corporativa                <\/div>\n                                \n                                                                                <a href=\"\/rsc\/\" class=\"button three\" target=\"_self\" aria-label=\"Saber m\u00e1s\">Ler mais<\/a>\n                    <\/div>\n    <\/div>\n","protected":false},"excerpt":{"rendered":"","protected":false},"author":1,"featured_media":0,"parent":0,"menu_order":0,"comment_status":"closed","ping_status":"closed","template":"","meta":{"footnotes":""},"class_list":["post-1053","page","type-page","status-publish","hentry"],"_links":{"self":[{"href":"https:\/\/greenbepharma.com\/pt-pt\/wp-json\/wp\/v2\/pages\/1053","targetHints":{"allow":["GET"]}}],"collection":[{"href":"https:\/\/greenbepharma.com\/pt-pt\/wp-json\/wp\/v2\/pages"}],"about":[{"href":"https:\/\/greenbepharma.com\/pt-pt\/wp-json\/wp\/v2\/types\/page"}],"author":[{"embeddable":true,"href":"https:\/\/greenbepharma.com\/pt-pt\/wp-json\/wp\/v2\/users\/1"}],"replies":[{"embeddable":true,"href":"https:\/\/greenbepharma.com\/pt-pt\/wp-json\/wp\/v2\/comments?post=1053"}],"version-history":[{"count":0,"href":"https:\/\/greenbepharma.com\/pt-pt\/wp-json\/wp\/v2\/pages\/1053\/revisions"}],"wp:attachment":[{"href":"https:\/\/greenbepharma.com\/pt-pt\/wp-json\/wp\/v2\/media?parent=1053"}],"curies":[{"name":"wp","href":"https:\/\/api.w.org\/{rel}","templated":true}]}}