{"id":1048,"date":"2022-09-26T09:53:35","date_gmt":"2022-09-26T09:53:35","guid":{"rendered":"https:\/\/greenbepharma.com\/investigacion\/"},"modified":"2023-03-02T07:48:32","modified_gmt":"2023-03-02T07:48:32","slug":"investigacion","status":"publish","type":"page","link":"https:\/\/greenbepharma.com\/pt-pt\/investigacion\/","title":{"rendered":"Investiga\u00e7\u00e3o\u00a0"},"content":{"rendered":"<div class=\"block block-banner\">\n        <div class=\"banner-title\">\n            Uma empresa do presente com as solu\u00e7\u00f5es do futuro        <\/div>\n                    <img loading=\"lazy\" decoding=\"async\" width=\"1900\" height=\"423\" src=\"https:\/\/greenbepharma.com\/wp-content\/uploads\/2022\/10\/banner.jpg\" class=\"banner-image\" alt=\"Banner\" title=\"Banner\" srcset=\"https:\/\/greenbepharma.com\/wp-content\/uploads\/2022\/10\/banner.jpg 1900w, https:\/\/greenbepharma.com\/wp-content\/uploads\/2022\/10\/banner-900x200.jpg 900w, https:\/\/greenbepharma.com\/wp-content\/uploads\/2022\/10\/banner-768x171.jpg 768w, https:\/\/greenbepharma.com\/wp-content\/uploads\/2022\/10\/banner-1536x342.jpg 1536w\" \/>            <\/div>\n\n\n<div class=\"block block-multimedia-text wrap\">\n    <div class=\"grid-flex\">\n        <div class=\"col col-multimedia col-right\">\n                            <div class=\"image-container\">\n                                            <img loading=\"lazy\" decoding=\"async\" width=\"800\" height=\"533\" src=\"https:\/\/greenbepharma.com\/wp-content\/uploads\/2022\/10\/desarrollo-varietal.jpg\" class=\"image\" alt=\"Desarrollo Varietal\" title=\"Desarrollo Varietal\" srcset=\"https:\/\/greenbepharma.com\/wp-content\/uploads\/2022\/10\/desarrollo-varietal.jpg 800w, https:\/\/greenbepharma.com\/wp-content\/uploads\/2022\/10\/desarrollo-varietal-768x512.jpg 768w\" \/>                                    <\/div>\n                    <\/div>\n        <div class=\"col col-text\">\n                            <div class=\"title\">\n                    Desenvolvimento varietal \u00e0 medida\n                <\/div>\n                                        <div class=\"text\">\n                    <p>A inova\u00e7\u00e3o varietal \u00e9 um dos fatores-chave para o sucesso em qualquer projeto de cultivo de cannabis. O nosso design de produ\u00e7\u00e3o permite-nos ser muito flex\u00edveis na adapta\u00e7\u00e3o do produto que cultivamos, desta forma \u00e9 nos poss\u00edvel investir em projetos de pesquisa assim como na introdu\u00e7\u00e3o de novas variedades no mercado. <br \/><br \/>Trabalhamos com parceiros especialistas em melhoramento vegetal que usam a ci\u00eancia e a tecnologia mais avan\u00e7adas. Com a introdu\u00e7\u00e3o de novas tecnologias biol\u00f3gicas, os programas de melhoria de cannabis podem acelerar o desenvolvimento de novas variedades atrav\u00e9s de sequenciamento de \u00faltima gera\u00e7\u00e3o, fenotipagem e genotipagem de alta performance. A tecnolog\u00eda pode ajudar no desenvolvimento de marcadores moleculares para a identifica\u00e7\u00e3o dos genes repons\u00e1veis por determinadas carater\u00edsticas fenotipicas, as quais podem ser perdominantes, ou n\u00e3o, tendo em conta a varidade e as condi\u00e7\u00f5es de produ\u00e7\u00e3o.<\/p>\n                <\/div>\n                                              \n        <\/div>\n    <\/div>\n<\/div>\n\n<div class=\"block block-multimedia-text wrap\">\n    <div class=\"grid-flex\">\n        <div class=\"col col-multimedia col-left\">\n                            <div class=\"image-container\">\n                                            <img loading=\"lazy\" decoding=\"async\" width=\"800\" height=\"524\" src=\"https:\/\/greenbepharma.com\/wp-content\/uploads\/2022\/10\/tecnologia-de-produccion-e-ingenieria-de-biosistemas.jpg\" class=\"image\" alt=\"Tecnolog\u00eda de producci\u00f3n e ingenier\u00eda de biosistemas\" title=\"Tecnolog\u00eda de producci\u00f3n e ingenier\u00eda de biosistemas\" srcset=\"https:\/\/greenbepharma.com\/wp-content\/uploads\/2022\/10\/tecnologia-de-produccion-e-ingenieria-de-biosistemas.jpg 800w, https:\/\/greenbepharma.com\/wp-content\/uploads\/2022\/10\/tecnologia-de-produccion-e-ingenieria-de-biosistemas-768x503.jpg 768w\" \/>                                    <\/div>\n                    <\/div>\n        <div class=\"col col-text\">\n                            <div class=\"title\">\n                    Tecnologia de produ\u00e7\u00e3o e engenharia de biosistemas\n                <\/div>\n                                        <div class=\"text\">\n                    <p>A engenharia de biosistemas combina os princ\u00edpios de biologia, engenharia e agronomia para melhorar a efici\u00eancia e a produtividade dos sistemas de produ\u00e7\u00e3o de cannabis. O objetivo principal dessa disciplina \u00e9 desenvolver e aplicar tecnologias de alto n\u00edvel, sistemas e pr\u00e1ticas que aumentem a produ\u00e7\u00e3o, qualidade e seguran\u00e7a da flor de cannabis para fins medicinais. <br \/><br \/>Desde o desenvolvimento das nossas pr\u00f3prias patentes para o controle de fatores que afetam a produtividade at\u00e9 o desenvolvimento de software de rastreabilidade baseado em intelig\u00eancia artificial, a nossa equipa pode oferecer solu\u00e7\u00f5es criativas aos desafios di\u00e1rios dos sistemas produtivos. Al\u00e9m disso, dispomos de uma rede de colabora\u00e7\u00e3o com os principais centros de pesquisa em agronomia e horticultura a n\u00edvel internacional.<\/p>\n                <\/div>\n                                              \n        <\/div>\n    <\/div>\n<\/div>\n\n<div class=\"block block-multimedia-text wrap\">\n    <div class=\"grid-flex\">\n        <div class=\"col col-multimedia col-right\">\n                            <div class=\"image-container\">\n                                            <img loading=\"lazy\" decoding=\"async\" width=\"800\" height=\"533\" src=\"https:\/\/greenbepharma.com\/wp-content\/uploads\/2022\/10\/extraccion-y-purificacion.jpg\" class=\"image\" alt=\"Extracci\u00f3n y purificaci\u00f3n\" title=\"Extracci\u00f3n y purificaci\u00f3n\" srcset=\"https:\/\/greenbepharma.com\/wp-content\/uploads\/2022\/10\/extraccion-y-purificacion.jpg 800w, https:\/\/greenbepharma.com\/wp-content\/uploads\/2022\/10\/extraccion-y-purificacion-768x512.jpg 768w\" \/>                                    <\/div>\n                    <\/div>\n        <div class=\"col col-text\">\n                            <div class=\"title\">\n                    Valida\u00e7\u00e3o de tecnologias de extrac\u00e7\u00e3o e purifica\u00e7\u00e3o\n                <\/div>\n                                        <div class=\"text\">\n                    <p>A pesquisa em tecnologia de extra\u00e7\u00e3o dentro da ind\u00fastria de cannabis \u00e9 um campo em constante desenvolvimento, sendo este crucial para a melhoria de m\u00e9todos de extra\u00e7\u00e3o de compostos ativos da planta de cannabis. O objetivo principal dessa pesquisa \u00e9 melhorar a efici\u00eancia, seguran\u00e7a e qualidade do processo de extra\u00e7\u00e3o, bem como aumentar a extra\u00e7\u00e3o de canabin\u00f3ides. As \u00e1reas de estudo incluem o desenvolvimento de solventes alternativos, a otimiza\u00e7\u00e3o dos processos de extra\u00e7\u00e3o e de purifica\u00e7\u00e3o assim como a cria\u00e7\u00e3o de tecnologias inovadoras. <br \/><br \/>Trabalhamos com parceiros externos para desenvolver sistemas que melhorem a efici\u00eancia dos processos de extra\u00e7\u00e3o e purifica\u00e7\u00e3o para cada variedade.<\/p>\n                <\/div>\n                                              \n        <\/div>\n    <\/div>\n<\/div>\n\n<div class=\"block block-multimedia-text wrap\">\n    <div class=\"grid-flex\">\n        <div class=\"col col-multimedia col-left\">\n                            <div class=\"image-container\">\n                                            <img loading=\"lazy\" decoding=\"async\" width=\"800\" height=\"450\" src=\"https:\/\/greenbepharma.com\/wp-content\/uploads\/2022\/10\/ensayos-clinicos.jpg\" class=\"image\" alt=\"Ensayos cl\u00ednicos\" title=\"Ensayos cl\u00ednicos\" srcset=\"https:\/\/greenbepharma.com\/wp-content\/uploads\/2022\/10\/ensayos-clinicos.jpg 800w, https:\/\/greenbepharma.com\/wp-content\/uploads\/2022\/10\/ensayos-clinicos-768x432.jpg 768w\" \/>                                    <\/div>\n                    <\/div>\n        <div class=\"col col-text\">\n                            <div class=\"title\">\n                    Fornecimento de quimi\u00f3tipos para investiga\u00e7\u00e3o\n                <\/div>\n                                        <div class=\"text\">\n                    <p>A nossa empresa est\u00e1 bem posicionada para atender \u00e0s necessidades da comunidade de pesquisa atrav\u00e9s da nossa experi\u00eancia no cultivo e processamento de quimiotipos de cannabis de alta qualidade. Entendemos a import\u00e2ncia de um fornecimento confi\u00e1vel e consistente de ingredientes farmac\u00eauticos ativos para fins de pesquisa e buscamos oferecer os mais altos padr\u00f5es de qualidade, seguran\u00e7a e efic\u00e1cia. <br \/><br \/>Al\u00e9m de fornecer ingredientes farmac\u00eauticos ativos sob padr\u00f5es EuGMP, tamb\u00e9m oferecemos uma ampla gama de servi\u00e7os para dar suporte a projetos de pesquisa. A nossa equipa tem experi\u00eancia no design e implementa\u00e7\u00e3o de projetos de pesquisa assim como tamb\u00e9m pode fornecer treino e suporte ao pessoal de laborat\u00f3rio. <br \/><br \/><\/p>\n                <\/div>\n                                              \n        <\/div>\n    <\/div>\n<\/div>\n\n<div class=\"block block-multimedia-text wrap\">\n    <div class=\"grid-flex\">\n        <div class=\"col col-multimedia col-right\">\n                            <div class=\"image-container\">\n                                            <img loading=\"lazy\" decoding=\"async\" width=\"800\" height=\"533\" src=\"https:\/\/greenbepharma.com\/wp-content\/uploads\/2022\/10\/plagas-y-enfermedades.jpg\" class=\"image\" alt=\"Plagas y enfermedades\" title=\"Plagas y enfermedades\" srcset=\"https:\/\/greenbepharma.com\/wp-content\/uploads\/2022\/10\/plagas-y-enfermedades.jpg 800w, https:\/\/greenbepharma.com\/wp-content\/uploads\/2022\/10\/plagas-y-enfermedades-768x512.jpg 768w\" \/>                                    <\/div>\n                    <\/div>\n        <div class=\"col col-text\">\n                            <div class=\"title\">\n                    Resist\u00eancia a pragas e stress bi\u00f3tico\n                <\/div>\n                                        <div class=\"text\">\n                    <p>Promovemos a pesquisa para aumentar o conhecimento b\u00e1sico e aplicado em diferentes aspetos agron\u00f4micos que influenciam na produ\u00e7\u00e3o e qualidade da colheita. Prestamos especial aten\u00e7\u00e3o aos stresses bi\u00f3ticos e \u00e0 resist\u00eancia a pragas e doen\u00e7as da esp\u00e9cie, bem como na ocorr\u00eancia de patologias f\u00fangicas no p\u00f3s-colheita. <br \/><br \/>Trabalhamos para desenvolver solu\u00e7\u00f5es que nos ajudem a aumentar a resili\u00eancia das nossas variedades assim como na preven\u00e7\u00e3o da propaga\u00e7\u00e3o de pat\u00f3genos. Para alcan\u00e7ar esse objetivo, trabalhamos com grupos de pesquisa em patologia vegetal que investiga e desenvolve solu\u00e7\u00f5es inovadoras aos principais problemas no cultivo.<\/p>\n<p><span style=\"font-weight: 400;\">\u00a0<\/span><\/p>\n                <\/div>\n                                              \n        <\/div>\n    <\/div>\n<\/div>\n\n<div class=\"block block-multimedia-text wrap\">\n    <div class=\"grid-flex\">\n        <div class=\"col col-multimedia col-left\">\n                            <div class=\"image-container\">\n                                            <img loading=\"lazy\" decoding=\"async\" width=\"800\" height=\"387\" src=\"https:\/\/greenbepharma.com\/wp-content\/uploads\/2022\/10\/practicas-sostenibles.jpg\" class=\"image\" alt=\"Pr\u00e1cticas sostenibles\" title=\"Pr\u00e1cticas sostenibles\" srcset=\"https:\/\/greenbepharma.com\/wp-content\/uploads\/2022\/10\/practicas-sostenibles.jpg 800w, https:\/\/greenbepharma.com\/wp-content\/uploads\/2022\/10\/practicas-sostenibles-768x372.jpg 768w\" \/>                                    <\/div>\n                    <\/div>\n        <div class=\"col col-text\">\n                            <div class=\"title\">\n                    Pr\u00e1ticas sustent\u00e1veis e produ\u00e7\u00e3o respons\u00e1vel\n                <\/div>\n                                        <div class=\"text\">\n                    <p><span style=\"font-weight: 400;\">A utiliza\u00e7\u00e3o eficiente de insumos e recursos, a redu\u00e7\u00e3o da \u00e1gua e da pegada de carbono na nossa actividade, e a utiliza\u00e7\u00e3o de res\u00edduos de produ\u00e7\u00e3o \u00e9 outra das linhas priorit\u00e1rias de investiga\u00e7\u00e3o dos engenheiros da GreenBe Pharma. Somos capazes de gerar grande parte da energia que consumimos na nossa instala\u00e7\u00e3o com a nossa pr\u00f3pria instala\u00e7\u00e3o fotovoltaica e, em tempos de excedente, seremos capazes de a transferir para a rede. <\/span><\/p>\n                <\/div>\n                                              \n        <\/div>\n    <\/div>\n<\/div>\n\n<div class=\"block block-cta\" style=\"background: url('https:\/\/greenbepharma.com\/wp-content\/uploads\/2022\/10\/banner.jpg'); background-repeat: no-repeat; background-size: cover; background-position: center;\">\n        <div class=\"block-cta-content\">\n                            <div class=\"title\">\n                    Trazemos as novas formula\u00e7\u00f5es de cannabis medicinal para a Ind\u00fastria Farmac\u00eautica                <\/div>\n                                \n                                                                                <a href=\"\/es\/contacto\/\" class=\"button three\" target=\"_self\" aria-label=\"Saber m\u00e1s\">Contacto<\/a>\n                    <\/div>\n    <\/div>\n","protected":false},"excerpt":{"rendered":"","protected":false},"author":1,"featured_media":0,"parent":0,"menu_order":0,"comment_status":"closed","ping_status":"closed","template":"","meta":{"footnotes":""},"class_list":["post-1048","page","type-page","status-publish","hentry"],"_links":{"self":[{"href":"https:\/\/greenbepharma.com\/pt-pt\/wp-json\/wp\/v2\/pages\/1048","targetHints":{"allow":["GET"]}}],"collection":[{"href":"https:\/\/greenbepharma.com\/pt-pt\/wp-json\/wp\/v2\/pages"}],"about":[{"href":"https:\/\/greenbepharma.com\/pt-pt\/wp-json\/wp\/v2\/types\/page"}],"author":[{"embeddable":true,"href":"https:\/\/greenbepharma.com\/pt-pt\/wp-json\/wp\/v2\/users\/1"}],"replies":[{"embeddable":true,"href":"https:\/\/greenbepharma.com\/pt-pt\/wp-json\/wp\/v2\/comments?post=1048"}],"version-history":[{"count":0,"href":"https:\/\/greenbepharma.com\/pt-pt\/wp-json\/wp\/v2\/pages\/1048\/revisions"}],"wp:attachment":[{"href":"https:\/\/greenbepharma.com\/pt-pt\/wp-json\/wp\/v2\/media?parent=1048"}],"curies":[{"name":"wp","href":"https:\/\/api.w.org\/{rel}","templated":true}]}}