{"id":998,"date":"2022-09-16T11:18:02","date_gmt":"2022-09-16T11:18:02","guid":{"rendered":"https:\/\/greenbepharma.com\/team\/"},"modified":"2025-12-29T07:24:31","modified_gmt":"2025-12-29T07:24:31","slug":"nuestro-equipo","status":"publish","type":"page","link":"https:\/\/greenbepharma.com\/es\/nuestro-equipo\/","title":{"rendered":"Nuestro Equipo"},"content":{"rendered":"<div class=\"block block-banner\">\n        <div class=\"banner-title\">\n            Los mejores profesionales en Cannabis Medicinal        <\/div>\n                    <img loading=\"lazy\" decoding=\"async\" width=\"1900\" height=\"423\" src=\"https:\/\/greenbepharma.com\/wp-content\/uploads\/2022\/10\/banner.jpg\" class=\"banner-image\" alt=\"Banner\" title=\"Banner\" srcset=\"https:\/\/greenbepharma.com\/wp-content\/uploads\/2022\/10\/banner.jpg 1900w, https:\/\/greenbepharma.com\/wp-content\/uploads\/2022\/10\/banner-900x200.jpg 900w, https:\/\/greenbepharma.com\/wp-content\/uploads\/2022\/10\/banner-768x171.jpg 768w, https:\/\/greenbepharma.com\/wp-content\/uploads\/2022\/10\/banner-1536x342.jpg 1536w\" \/>            <\/div>\n\n\n<div class=\"block block-text wrap\">\n            <div class=\"title\">\n            El valor de GreenBe Pharma        <\/div>\n                <div class=\"text\">\n            El equipo de GreenBe Pharma est\u00e1 formado por los mejores profesionales del sector y nuestro proceso de mejora, contempla la selecci\u00f3n, capacitaci\u00f3n y entrenamiento continuo. Incluimos planes de crecimiento, promoci\u00f3n y retenci\u00f3n de los mejores, buscando la conciliaci\u00f3n de la vida familiar de nuestros empleados con su desarrollo personal y profesional, para que la empresa se sit\u00fae en el mismo plano que las aspiraciones de su talento.        <\/div>\n        <\/div>\n\n<div class=\"block block-images wrap\">\n            <div class=\"title\">\n            Direcci\u00f3n        <\/div>\n                <div class=\"images_list_center\">\n            <div class=\"images_list_center_wrapper\">\n                                    <div class=\"images\">\n                                                    <div class=\"images-image\">\n                                                                <img loading=\"lazy\" decoding=\"async\" width=\"165\" height=\"245\" src=\"https:\/\/greenbepharma.com\/wp-content\/uploads\/2023\/03\/ELJ.jpg\" class=\"\" alt=\"\" title=\"ELJ\" \/>\n                            <\/div>\n                                                                            <div class=\"images-title\">\n                                Eliecer L\u00f3pez Jim\u00e9nez <\/br><strong>Director de Desarrollo de Negocio<\/strong>                            <\/div>\n                                            <\/div>\n                                    <div class=\"images\">\n                                                    <div class=\"images-image\">\n                                                                <img loading=\"lazy\" decoding=\"async\" width=\"165\" height=\"245\" src=\"https:\/\/greenbepharma.com\/wp-content\/uploads\/2023\/03\/Nelson.jpg\" class=\"\" alt=\"\" title=\"Nelson\" \/>\n                            <\/div>\n                                                                            <div class=\"images-title\">\n                                Nelson M. Solas Berbem <\/br><strong>Director de Mantenimiento<\/strong>                            <\/div>\n                                            <\/div>\n                            <\/div>\n        <\/div>\n        <\/div>\n\n\n<div class=\"block block-images wrap\">\n            <div class=\"images_list swiper\">\n        <div class=\"swiper-wrapper\">\n             \n                    <\/div>\n        <div class=\"swiper-button-next\"><\/div>\n        <div class=\"swiper-button-prev\"><\/div>\n    <\/div>\n<\/div>\n\n\n<div class=\"block block-cta\" style=\"background: url('https:\/\/greenbepharma.com\/wp-content\/uploads\/2022\/09\/nuestra-responsabilidad-social-corporativa.jpg'); background-repeat: no-repeat; background-size: cover; background-position: center;\">\n        <div class=\"block-cta-content\">\n                            <div class=\"title\">\n                    Nuestra Responsabilidad Social Corporativa                <\/div>\n                                \n                                                                                <a href=\"\/rsc\/\" class=\"button three\" target=\"_self\" aria-label=\"Saber m\u00e1s\">Ver m\u00e1s<\/a>\n                    <\/div>\n    <\/div>\n","protected":false},"excerpt":{"rendered":"","protected":false},"author":1,"featured_media":0,"parent":0,"menu_order":0,"comment_status":"closed","ping_status":"closed","template":"","meta":{"footnotes":""},"class_list":["post-998","page","type-page","status-publish","hentry"],"_links":{"self":[{"href":"https:\/\/greenbepharma.com\/es\/wp-json\/wp\/v2\/pages\/998","targetHints":{"allow":["GET"]}}],"collection":[{"href":"https:\/\/greenbepharma.com\/es\/wp-json\/wp\/v2\/pages"}],"about":[{"href":"https:\/\/greenbepharma.com\/es\/wp-json\/wp\/v2\/types\/page"}],"author":[{"embeddable":true,"href":"https:\/\/greenbepharma.com\/es\/wp-json\/wp\/v2\/users\/1"}],"replies":[{"embeddable":true,"href":"https:\/\/greenbepharma.com\/es\/wp-json\/wp\/v2\/comments?post=998"}],"version-history":[{"count":0,"href":"https:\/\/greenbepharma.com\/es\/wp-json\/wp\/v2\/pages\/998\/revisions"}],"wp:attachment":[{"href":"https:\/\/greenbepharma.com\/es\/wp-json\/wp\/v2\/media?parent=998"}],"curies":[{"name":"wp","href":"https:\/\/api.w.org\/{rel}","templated":true}]}}