{"id":994,"date":"2022-09-16T11:28:20","date_gmt":"2022-09-16T11:28:20","guid":{"rendered":"https:\/\/greenbepharma.com\/rsc\/"},"modified":"2022-11-29T10:52:16","modified_gmt":"2022-11-29T10:52:16","slug":"rsc","status":"publish","type":"page","link":"https:\/\/greenbepharma.com\/es\/rsc\/","title":{"rendered":"RSC"},"content":{"rendered":"<div class=\"block block-banner\">\n        <div class=\"banner-title\">\n            Responsables, \u00e9ticos y comprometidos        <\/div>\n                    <img loading=\"lazy\" decoding=\"async\" width=\"1900\" height=\"423\" src=\"https:\/\/greenbepharma.com\/wp-content\/uploads\/2022\/10\/banner.jpg\" class=\"banner-image\" alt=\"Banner\" title=\"Banner\" srcset=\"https:\/\/greenbepharma.com\/wp-content\/uploads\/2022\/10\/banner.jpg 1900w, https:\/\/greenbepharma.com\/wp-content\/uploads\/2022\/10\/banner-900x200.jpg 900w, https:\/\/greenbepharma.com\/wp-content\/uploads\/2022\/10\/banner-768x171.jpg 768w, https:\/\/greenbepharma.com\/wp-content\/uploads\/2022\/10\/banner-1536x342.jpg 1536w\" \/>            <\/div>\n\n\n<div class=\"block block-multimedia-text wrap\">\n    <div class=\"grid-flex\">\n        <div class=\"col col-multimedia col-right\">\n                            <div class=\"image-container\">\n                                            <img loading=\"lazy\" decoding=\"async\" width=\"1900\" height=\"1267\" src=\"https:\/\/greenbepharma.com\/wp-content\/uploads\/2022\/11\/Desarrollo-de-productos-enfocados-a-las-necesidades-de-la-industria.jpg\" class=\"image\" alt=\"Desarrollo de productos enfocados a las necesidades de la industria\" title=\"Desarrollo de productos enfocados a las necesidades de la industria\" srcset=\"https:\/\/greenbepharma.com\/wp-content\/uploads\/2022\/11\/Desarrollo-de-productos-enfocados-a-las-necesidades-de-la-industria.jpg 1900w, https:\/\/greenbepharma.com\/wp-content\/uploads\/2022\/11\/Desarrollo-de-productos-enfocados-a-las-necesidades-de-la-industria-900x600.jpg 900w, https:\/\/greenbepharma.com\/wp-content\/uploads\/2022\/11\/Desarrollo-de-productos-enfocados-a-las-necesidades-de-la-industria-768x512.jpg 768w, https:\/\/greenbepharma.com\/wp-content\/uploads\/2022\/11\/Desarrollo-de-productos-enfocados-a-las-necesidades-de-la-industria-1536x1024.jpg 1536w\" \/>                                    <\/div>\n                    <\/div>\n        <div class=\"col col-text\">\n                            <div class=\"title\">\n                    Desarrollo de productos enfocados a las necesidades de la industria\n                <\/div>\n                                        <div class=\"text\">\n                    <p>Producimos bajo la especificaci\u00f3n del cliente las gen\u00e9ticas m\u00e1s adecuadas para cada aplicaci\u00f3n con un amplio espectro de quimiotipos, perfiles terp\u00e9nicos, flavonoides y de otras mol\u00e9culas de inter\u00e9s para la industria farmac\u00e9utica. Contamos con acceso a los principales bancos de gen\u00e9ticas l\u00edcitas a nivel global para usos medicinales. Tambi\u00e9n podemos desarrollar a medida programas\u00a0 varietales en colaboraci\u00f3n con los principales mejoradores y centros de investigaci\u00f3n expertos en esta especie. Podemos suministrar Ingredientes Activos Farmac\u00e9uticos para ensayos cl\u00ednicos, estudios observacionales y proyectos de investigaci\u00f3n contractual a demanda.<\/p>\n                <\/div>\n                                              \n        <\/div>\n    <\/div>\n<\/div>\n\n<div class=\"block block-multimedia-text wrap\">\n    <div class=\"grid-flex\">\n        <div class=\"col col-multimedia col-left\">\n                            <div class=\"image-container\">\n                                            <img loading=\"lazy\" decoding=\"async\" width=\"1900\" height=\"1264\" src=\"https:\/\/greenbepharma.com\/wp-content\/uploads\/2022\/11\/Fabricacion-a-la-demanda-y-controles-de-calidad-exhaustivos.jpg\" class=\"image\" alt=\"Fabricaci\u00f3n a la demanda y controles de calidad exhaustivos\" title=\"Fabricaci\u00f3n a la demanda y controles de calidad exhaustivos\" srcset=\"https:\/\/greenbepharma.com\/wp-content\/uploads\/2022\/11\/Fabricacion-a-la-demanda-y-controles-de-calidad-exhaustivos.jpg 1900w, https:\/\/greenbepharma.com\/wp-content\/uploads\/2022\/11\/Fabricacion-a-la-demanda-y-controles-de-calidad-exhaustivos-900x599.jpg 900w, https:\/\/greenbepharma.com\/wp-content\/uploads\/2022\/11\/Fabricacion-a-la-demanda-y-controles-de-calidad-exhaustivos-768x511.jpg 768w, https:\/\/greenbepharma.com\/wp-content\/uploads\/2022\/11\/Fabricacion-a-la-demanda-y-controles-de-calidad-exhaustivos-1536x1022.jpg 1536w\" \/>                                    <\/div>\n                    <\/div>\n        <div class=\"col col-text\">\n                            <div class=\"title\">\n                    Fabricaci\u00f3n a la demanda y controles de calidad exhaustivos\n                <\/div>\n                                        <div class=\"text\">\n                    <div class=\"ql-block\" data-block-id=\"block-f9af908a-9b88-49d2-8046-bb7df1a19412\">Gracias a nuestro sistema flexible de fabricaci\u00f3n, con una anticipaci\u00f3n suficiente podemos suministrar lotes peque\u00f1os de producci\u00f3n peri\u00f3dica para destino de diferentes mercados o aplicaciones. Nuestro laboratorio de validaci\u00f3n y de control de calidad est\u00e1 dise\u00f1ado para el seguimiento y la supervisi\u00f3n continuados de todos los procesos productivos bajo normativa GACP desde esquejes y plantas madre hasta el final de la cosecha, y con GMPs europeas en todo el proceso de fabricaci\u00f3n, que comenzamos en la fase de trimming de la flor en verde y terminamos en la expedici\u00f3n.<\/div>\n                <\/div>\n                                              \n        <\/div>\n    <\/div>\n<\/div>\n\n<div class=\"block block-multimedia-text wrap\">\n    <div class=\"grid-flex\">\n        <div class=\"col col-multimedia col-right\">\n                            <div class=\"image-container\">\n                                            <img loading=\"lazy\" decoding=\"async\" width=\"1900\" height=\"1267\" src=\"https:\/\/greenbepharma.com\/wp-content\/uploads\/2022\/11\/Practicas-sostenibles-y-modelos-de-produccion-responsables.jpg\" class=\"image\" alt=\"Pr\u00e1cticas sostenibles y modelos de producci\u00f3n responsables\" title=\"Pr\u00e1cticas sostenibles y modelos de producci\u00f3n responsables\" srcset=\"https:\/\/greenbepharma.com\/wp-content\/uploads\/2022\/11\/Practicas-sostenibles-y-modelos-de-produccion-responsables.jpg 1900w, https:\/\/greenbepharma.com\/wp-content\/uploads\/2022\/11\/Practicas-sostenibles-y-modelos-de-produccion-responsables-900x600.jpg 900w, https:\/\/greenbepharma.com\/wp-content\/uploads\/2022\/11\/Practicas-sostenibles-y-modelos-de-produccion-responsables-768x512.jpg 768w, https:\/\/greenbepharma.com\/wp-content\/uploads\/2022\/11\/Practicas-sostenibles-y-modelos-de-produccion-responsables-1536x1024.jpg 1536w\" \/>                                    <\/div>\n                    <\/div>\n        <div class=\"col col-text\">\n                            <div class=\"title\">\n                    Pr\u00e1cticas sostenibles y modelos de producci\u00f3n responsables\n                <\/div>\n                                        <div class=\"text\">\n                    <p>En Alentejo contamos con unas condiciones id\u00f3neas de horas de luz natural para el crecimiento de nuestra fase vegetativa en Invernaderos de alta tecnolog\u00eda, lo que nos permite una eficiencia energ\u00e9tica insuperable. Adem\u00e1s de producir una parte muy significativa de la energ\u00eda con placas fotovoltaicas, utilizamos los restos de cultivo de nuestras otras producciones agr\u00edcolas (principalmente hueso de aceituna y c\u00e1scara de almendra) para calefactar los invernaderos en \u00e9pocas de mayor demanda energ\u00e9tica, favoreciendo los principios de circularidad en nuestros sistemas. Los residuos vegetales que se generen en nuestra actividad se compostar\u00e1n y se reutilizar\u00e1n como abono en nuestras otras producciones agr\u00edcolas.<\/p>\n                <\/div>\n                                              \n        <\/div>\n    <\/div>\n<\/div>\n\n<div class=\"block block-multimedia-text wrap\">\n    <div class=\"grid-flex\">\n        <div class=\"col col-multimedia col-left\">\n                            <div class=\"image-container\">\n                                            <img loading=\"lazy\" decoding=\"async\" width=\"1900\" height=\"1267\" src=\"https:\/\/greenbepharma.com\/wp-content\/uploads\/2022\/11\/Innovacion-en-sistemas-productivos-de-alta-eficiencia.jpg\" class=\"image\" alt=\"Innovaci\u00f3n en sistemas productivos de alta eficiencia\" title=\"Innovaci\u00f3n en sistemas productivos de alta eficiencia\" srcset=\"https:\/\/greenbepharma.com\/wp-content\/uploads\/2022\/11\/Innovacion-en-sistemas-productivos-de-alta-eficiencia.jpg 1900w, https:\/\/greenbepharma.com\/wp-content\/uploads\/2022\/11\/Innovacion-en-sistemas-productivos-de-alta-eficiencia-900x600.jpg 900w, https:\/\/greenbepharma.com\/wp-content\/uploads\/2022\/11\/Innovacion-en-sistemas-productivos-de-alta-eficiencia-768x512.jpg 768w, https:\/\/greenbepharma.com\/wp-content\/uploads\/2022\/11\/Innovacion-en-sistemas-productivos-de-alta-eficiencia-1536x1024.jpg 1536w\" \/>                                    <\/div>\n                    <\/div>\n        <div class=\"col col-text\">\n                            <div class=\"title\">\n                    Innovaci\u00f3n en sistemas productivos de alta eficiencia\n                <\/div>\n                                        <div class=\"text\">\n                    <p>Un equipo multidisciplinar de Ingenieros Agr\u00f3nomos expertos en biosistemas, en una empresa con una experiencia acumulada a lo largo de cinco generaciones, es capaz de encontrar en cada situaci\u00f3n la mejor soluci\u00f3n t\u00e9cnica utilizando el m\u00ednimo de recursos. Testamos cada variedad que empleamos en el cultivo antes de validarla, y adaptamos las fases del proceso a las especificaciones de cliente para una m\u00e1xima expresi\u00f3n de los quimiotipos deseados en cada contrato de suministro.<\/p>\n                <\/div>\n                                              \n        <\/div>\n    <\/div>\n<\/div>\n\n<div class=\"block block-images wrap\">\n            <div class=\"images_list swiper\">\n        <div class=\"swiper-wrapper\">\n             \n                    <\/div>\n        <div class=\"swiper-button-next\"><\/div>\n        <div class=\"swiper-button-prev\"><\/div>\n    <\/div>\n<\/div>\n\n\n<div class=\"block block-cta\" style=\"background: url('https:\/\/greenbepharma.com\/wp-content\/uploads\/2022\/09\/conoce-como-contribuimos-al-cuidado-de-la-salud.jpg'); background-repeat: no-repeat; background-size: cover; background-position: center;\">\n        <div class=\"block-cta-content\">\n                            <div class=\"title\">\n                    Conoce c\u00f3mo contribuimos al cuidado de la salud                <\/div>\n                                \n                                                                                <a href=\"\/es\/cannabis-medicinal\/\" class=\"button three\" target=\"_self\" aria-label=\"Saber m\u00e1s\">Ver ma\u015b<\/a>\n                    <\/div>\n    <\/div>\n","protected":false},"excerpt":{"rendered":"","protected":false},"author":1,"featured_media":0,"parent":0,"menu_order":0,"comment_status":"closed","ping_status":"closed","template":"","meta":{"footnotes":""},"class_list":["post-994","page","type-page","status-publish","hentry"],"_links":{"self":[{"href":"https:\/\/greenbepharma.com\/es\/wp-json\/wp\/v2\/pages\/994","targetHints":{"allow":["GET"]}}],"collection":[{"href":"https:\/\/greenbepharma.com\/es\/wp-json\/wp\/v2\/pages"}],"about":[{"href":"https:\/\/greenbepharma.com\/es\/wp-json\/wp\/v2\/types\/page"}],"author":[{"embeddable":true,"href":"https:\/\/greenbepharma.com\/es\/wp-json\/wp\/v2\/users\/1"}],"replies":[{"embeddable":true,"href":"https:\/\/greenbepharma.com\/es\/wp-json\/wp\/v2\/comments?post=994"}],"version-history":[{"count":0,"href":"https:\/\/greenbepharma.com\/es\/wp-json\/wp\/v2\/pages\/994\/revisions"}],"wp:attachment":[{"href":"https:\/\/greenbepharma.com\/es\/wp-json\/wp\/v2\/media?parent=994"}],"curies":[{"name":"wp","href":"https:\/\/api.w.org\/{rel}","templated":true}]}}