{"id":989,"date":"2022-09-26T09:53:35","date_gmt":"2022-09-26T09:53:35","guid":{"rendered":"https:\/\/greenbepharma.com\/research\/"},"modified":"2023-03-02T07:48:20","modified_gmt":"2023-03-02T07:48:20","slug":"investigacion","status":"publish","type":"page","link":"https:\/\/greenbepharma.com\/es\/investigacion\/","title":{"rendered":"Investigaci\u00f3n"},"content":{"rendered":"<div class=\"block block-banner\">\n        <div class=\"banner-title\">\n            Una empresa del presente con las soluciones del futuro        <\/div>\n                    <img loading=\"lazy\" decoding=\"async\" width=\"1900\" height=\"423\" src=\"https:\/\/greenbepharma.com\/wp-content\/uploads\/2022\/10\/banner.jpg\" class=\"banner-image\" alt=\"Banner\" title=\"Banner\" srcset=\"https:\/\/greenbepharma.com\/wp-content\/uploads\/2022\/10\/banner.jpg 1900w, https:\/\/greenbepharma.com\/wp-content\/uploads\/2022\/10\/banner-900x200.jpg 900w, https:\/\/greenbepharma.com\/wp-content\/uploads\/2022\/10\/banner-768x171.jpg 768w, https:\/\/greenbepharma.com\/wp-content\/uploads\/2022\/10\/banner-1536x342.jpg 1536w\" \/>            <\/div>\n\n\n<div class=\"block block-multimedia-text wrap\">\n    <div class=\"grid-flex\">\n        <div class=\"col col-multimedia col-right\">\n                            <div class=\"image-container\">\n                                            <img loading=\"lazy\" decoding=\"async\" width=\"800\" height=\"533\" src=\"https:\/\/greenbepharma.com\/wp-content\/uploads\/2022\/10\/desarrollo-varietal.jpg\" class=\"image\" alt=\"Desarrollo Varietal\" title=\"Desarrollo Varietal\" srcset=\"https:\/\/greenbepharma.com\/wp-content\/uploads\/2022\/10\/desarrollo-varietal.jpg 800w, https:\/\/greenbepharma.com\/wp-content\/uploads\/2022\/10\/desarrollo-varietal-768x512.jpg 768w\" \/>                                    <\/div>\n                    <\/div>\n        <div class=\"col col-text\">\n                            <div class=\"title\">\n                    Desarrollo de variedades a medida\n                <\/div>\n                                        <div class=\"text\">\n                    <p>La innovaci\u00f3n varietal es uno de los factores clave del \u00e9xito en cualquier proyecto de cultivo de Cannabis. Nuestro dise\u00f1o de producci\u00f3n nos permite ser muy flexible en la adaptaci\u00f3n del producto cultivado y, por eso, invertimos en proyectos de investigaci\u00f3n y en la introducci\u00f3n de nuevas variedades en el mercado.<\/p>\n<p>\u00a0<\/p>\n<p>Trabajamos con socios de mejora varietal que utilizan la ciencia y la tecnolog\u00eda m\u00e1s avanzadas. Con la introducci\u00f3n de nuevas tecnolog\u00edas biol\u00f3gicas, los programas de mejora de cannabis pueden acelerar el desarrollo de nuevas variedades a trav\u00e9s de la secuenciaci\u00f3n de \u00faltima generaci\u00f3n, el fenotipado y el genotipado de alto rendimiento. La tecnolog\u00eda puede ayudar en el desarrollo de marcadores moleculares para la identificaci\u00f3n de genes responsables de determinadas caracter\u00edsticas fenot\u00edpicas, que pueden ser dominantes o no, teniendo en cuenta la variedad y las condiciones de producci\u00f3n.<\/p>\n                <\/div>\n                                              \n        <\/div>\n    <\/div>\n<\/div>\n\n<div class=\"block block-multimedia-text wrap\">\n    <div class=\"grid-flex\">\n        <div class=\"col col-multimedia col-left\">\n                            <div class=\"image-container\">\n                                            <img loading=\"lazy\" decoding=\"async\" width=\"800\" height=\"524\" src=\"https:\/\/greenbepharma.com\/wp-content\/uploads\/2022\/10\/tecnologia-de-produccion-e-ingenieria-de-biosistemas.jpg\" class=\"image\" alt=\"Tecnolog\u00eda de producci\u00f3n e ingenier\u00eda de biosistemas\" title=\"Tecnolog\u00eda de producci\u00f3n e ingenier\u00eda de biosistemas\" srcset=\"https:\/\/greenbepharma.com\/wp-content\/uploads\/2022\/10\/tecnologia-de-produccion-e-ingenieria-de-biosistemas.jpg 800w, https:\/\/greenbepharma.com\/wp-content\/uploads\/2022\/10\/tecnologia-de-produccion-e-ingenieria-de-biosistemas-768x503.jpg 768w\" \/>                                    <\/div>\n                    <\/div>\n        <div class=\"col col-text\">\n                            <div class=\"title\">\n                    Tecnolog\u00eda de producci\u00f3n e ingenier\u00eda de biosistemas\n                <\/div>\n                                        <div class=\"text\">\n                    <p>La ingenier\u00eda de biosistemas combina los principios de biolog\u00eda, ingenier\u00eda y agronom\u00eda para mejorar la eficiencia y productividad de los sistemas de producci\u00f3n de cannabis. El objetivo principal de esta disciplina es desarrollar y aplicar tecnolog\u00edas de alto nivel, sistemas y pr\u00e1cticas que aumenten la producci\u00f3n, calidad y seguridad de la flor de cannabis para fines medicinales.<\/p>\n<p>\u00a0<\/p>\n<p>Desde el desarrollo de nuestras propias patentes para el control de factores que afectan la productividad hasta el desarrollo de software de trazabilidad basado en inteligencia artificial, nuestro equipo puede ofrecer soluciones creativas a los retos diarios de los sistemas productivos. Adem\u00e1s, tenemos una red activa de colaboraci\u00f3n con los principales centros de investigaci\u00f3n en agronom\u00eda y horticultura a nivel internacional.<\/p>\n                <\/div>\n                                              \n        <\/div>\n    <\/div>\n<\/div>\n\n<div class=\"block block-multimedia-text wrap\">\n    <div class=\"grid-flex\">\n        <div class=\"col col-multimedia col-right\">\n                            <div class=\"image-container\">\n                                            <img loading=\"lazy\" decoding=\"async\" width=\"800\" height=\"533\" src=\"https:\/\/greenbepharma.com\/wp-content\/uploads\/2022\/10\/extraccion-y-purificacion.jpg\" class=\"image\" alt=\"Extracci\u00f3n y purificaci\u00f3n\" title=\"Extracci\u00f3n y purificaci\u00f3n\" srcset=\"https:\/\/greenbepharma.com\/wp-content\/uploads\/2022\/10\/extraccion-y-purificacion.jpg 800w, https:\/\/greenbepharma.com\/wp-content\/uploads\/2022\/10\/extraccion-y-purificacion-768x512.jpg 768w\" \/>                                    <\/div>\n                    <\/div>\n        <div class=\"col col-text\">\n                            <div class=\"title\">\n                    Validaci\u00f3n de tecnolog\u00edas de extracci\u00f3n y purificaci\u00f3n\n                <\/div>\n                                        <div class=\"text\">\n                    <p>La investigaci\u00f3n en tecnolog\u00eda de extracci\u00f3n dentro de la industria del cannabis es un campo en constante expansi\u00f3n y crucial para la mejora de m\u00e9todos de extracci\u00f3n de compuestos activos de la planta de cannabis. El objetivo principal de esta investigaci\u00f3n es mejorar la eficiencia, seguridad y calidad del proceso de extracci\u00f3n, as\u00ed como aumentar la producci\u00f3n de cannabinoides. Las \u00e1reas de estudio incluyen el desarrollo de disolventes alternativos, la optimizaci\u00f3n de los procesos de extracci\u00f3n y purificaci\u00f3n existentes y la creaci\u00f3n de tecnolog\u00edas innovadoras.<\/p>\n<p>\u00a0<\/p>\n<p>Trabajamos con socios externos para desarrollar sistemas que mejoren la eficiencia de los procesos de extracci\u00f3n y purificaci\u00f3n dependientes de la variedad.<\/p>\n                <\/div>\n                                              \n        <\/div>\n    <\/div>\n<\/div>\n\n<div class=\"block block-multimedia-text wrap\">\n    <div class=\"grid-flex\">\n        <div class=\"col col-multimedia col-left\">\n                            <div class=\"image-container\">\n                                            <img loading=\"lazy\" decoding=\"async\" width=\"800\" height=\"450\" src=\"https:\/\/greenbepharma.com\/wp-content\/uploads\/2022\/10\/ensayos-clinicos.jpg\" class=\"image\" alt=\"Ensayos cl\u00ednicos\" title=\"Ensayos cl\u00ednicos\" srcset=\"https:\/\/greenbepharma.com\/wp-content\/uploads\/2022\/10\/ensayos-clinicos.jpg 800w, https:\/\/greenbepharma.com\/wp-content\/uploads\/2022\/10\/ensayos-clinicos-768x432.jpg 768w\" \/>                                    <\/div>\n                    <\/div>\n        <div class=\"col col-text\">\n                            <div class=\"title\">\n                    Suministro de quimiotipos para la investigaci\u00f3n\n                <\/div>\n                                        <div class=\"text\">\n                    <p>Nuestra empresa est\u00e1 bien posicionada para cubrir las necesidades de la comunidad investigadora a trav\u00e9s de nuestra experiencia en el cultivo y procesamiento de quimiotipos de cannabis de alta calidad. Entendemos la importancia de un suministro fiable y consistente de ingredientes farmac\u00e9uticos activos para fines de investigaci\u00f3n y buscamos ofrecer los m\u00e1s altos est\u00e1ndares de calidad, seguridad y eficacia.<\/p>\n<p>\u00a0<\/p>\n<p>Adem\u00e1s de suministrar ingredientes farmac\u00e9uticos activos bajo est\u00e1ndares EuGMP, tambi\u00e9n ofrecemos una amplia gama de servicios para dar soporte a proyectos de investigaci\u00f3n. Nuestro equipo tiene experiencia con el dise\u00f1o e implementaci\u00f3n de proyectos de investigaci\u00f3n, y tambi\u00e9n puede dar capacitaci\u00f3n y apoyo al personal de laboratorio.<\/p>\n                <\/div>\n                                              \n        <\/div>\n    <\/div>\n<\/div>\n\n<div class=\"block block-multimedia-text wrap\">\n    <div class=\"grid-flex\">\n        <div class=\"col col-multimedia col-right\">\n                            <div class=\"image-container\">\n                                            <img loading=\"lazy\" decoding=\"async\" width=\"800\" height=\"533\" src=\"https:\/\/greenbepharma.com\/wp-content\/uploads\/2022\/10\/plagas-y-enfermedades.jpg\" class=\"image\" alt=\"Plagas y enfermedades\" title=\"Plagas y enfermedades\" srcset=\"https:\/\/greenbepharma.com\/wp-content\/uploads\/2022\/10\/plagas-y-enfermedades.jpg 800w, https:\/\/greenbepharma.com\/wp-content\/uploads\/2022\/10\/plagas-y-enfermedades-768x512.jpg 768w\" \/>                                    <\/div>\n                    <\/div>\n        <div class=\"col col-text\">\n                            <div class=\"title\">\n                    Resistencia a plagas y estr\u00e9s bi\u00f3tico\n                <\/div>\n                                        <div class=\"text\">\n                    <p>Promovemos la investigaci\u00f3n para aumentar el conocimiento b\u00e1sico y aplicado en diferentes aspectos agron\u00f3micos que influyen en la producci\u00f3n y calidad de la cosecha, prestando especial atenci\u00f3n a los estreses bi\u00f3ticos y la resistencia a plagas y enfermedades de la especie, as\u00ed como para evitar la aparici\u00f3n de patolog\u00edas f\u00fangicas en post-cosecha.<\/p>\n<p>\u00a0<\/p>\n<p>Trabajamos para desarrollar soluciones que nos ayuden a aumentar la resiliencia de nuestras variedades y prevenir la propagaci\u00f3n de pat\u00f3genos. Para lograr este objetivo, trabajamos con grupos de investigaci\u00f3n en patolog\u00eda vegetal para investigar y desarrollar soluciones innovadoras a los principales problemas del cultivo.<\/p>\n                <\/div>\n                                              \n        <\/div>\n    <\/div>\n<\/div>\n\n<div class=\"block block-multimedia-text wrap\">\n    <div class=\"grid-flex\">\n        <div class=\"col col-multimedia col-left\">\n                            <div class=\"image-container\">\n                                            <img loading=\"lazy\" decoding=\"async\" width=\"800\" height=\"387\" src=\"https:\/\/greenbepharma.com\/wp-content\/uploads\/2022\/10\/practicas-sostenibles.jpg\" class=\"image\" alt=\"Pr\u00e1cticas sostenibles\" title=\"Pr\u00e1cticas sostenibles\" srcset=\"https:\/\/greenbepharma.com\/wp-content\/uploads\/2022\/10\/practicas-sostenibles.jpg 800w, https:\/\/greenbepharma.com\/wp-content\/uploads\/2022\/10\/practicas-sostenibles-768x372.jpg 768w\" \/>                                    <\/div>\n                    <\/div>\n        <div class=\"col col-text\">\n                            <div class=\"title\">\n                    Pr\u00e1cticas sostenibles y producci\u00f3n responsable\n                <\/div>\n                                        <div class=\"text\">\n                    <p>El uso eficiente de insumos y recursos, la reducci\u00f3n de huella h\u00eddrica y de carbono en nuestra actividad, y el aprovechamiento de residuos de la producci\u00f3n es otra de las l\u00edneas de investigaci\u00f3n prioritarias de los Ingenieros de GreenBe Pharma. Somos capaces de generar una parte muy importante de la energ\u00eda que consumimos en planta de procesado con nuestra propia planta fotovoltaica y en \u00e9pocas de excedencia, podremos transferir a la red.<\/p>\n                <\/div>\n                                              \n        <\/div>\n    <\/div>\n<\/div>\n\n<div class=\"block block-cta\" style=\"background: url('https:\/\/greenbepharma.com\/wp-content\/uploads\/2022\/10\/banner.jpg'); background-repeat: no-repeat; background-size: cover; background-position: center;\">\n        <div class=\"block-cta-content\">\n                            <div class=\"title\">\n                    Llevamos las nuevas formulaciones de cannabis medicinal a la Industria Farmac\u00e9utica                <\/div>\n                                \n                                                                                <a href=\"\/es\/contacto\/\" class=\"button three\" target=\"_self\" aria-label=\"Saber m\u00e1s\">Contacto<\/a>\n                    <\/div>\n    <\/div>\n","protected":false},"excerpt":{"rendered":"","protected":false},"author":1,"featured_media":0,"parent":0,"menu_order":0,"comment_status":"closed","ping_status":"closed","template":"","meta":{"footnotes":""},"class_list":["post-989","page","type-page","status-publish","hentry"],"_links":{"self":[{"href":"https:\/\/greenbepharma.com\/es\/wp-json\/wp\/v2\/pages\/989","targetHints":{"allow":["GET"]}}],"collection":[{"href":"https:\/\/greenbepharma.com\/es\/wp-json\/wp\/v2\/pages"}],"about":[{"href":"https:\/\/greenbepharma.com\/es\/wp-json\/wp\/v2\/types\/page"}],"author":[{"embeddable":true,"href":"https:\/\/greenbepharma.com\/es\/wp-json\/wp\/v2\/users\/1"}],"replies":[{"embeddable":true,"href":"https:\/\/greenbepharma.com\/es\/wp-json\/wp\/v2\/comments?post=989"}],"version-history":[{"count":0,"href":"https:\/\/greenbepharma.com\/es\/wp-json\/wp\/v2\/pages\/989\/revisions"}],"wp:attachment":[{"href":"https:\/\/greenbepharma.com\/es\/wp-json\/wp\/v2\/media?parent=989"}],"curies":[{"name":"wp","href":"https:\/\/api.w.org\/{rel}","templated":true}]}}