{"id":978,"date":"2022-10-06T10:18:43","date_gmt":"2022-10-06T10:18:43","guid":{"rendered":"https:\/\/greenbepharma.com\/legal-warning\/"},"modified":"2023-02-16T06:51:59","modified_gmt":"2023-02-16T06:51:59","slug":"aviso-legal","status":"publish","type":"page","link":"https:\/\/greenbepharma.com\/es\/aviso-legal\/","title":{"rendered":"Aviso Legal"},"content":{"rendered":"\n<h1 class=\"wp-block-heading\">Aviso Legal<\/h1>\n\n\n\n<div style=\"height:25px\" aria-hidden=\"true\" class=\"wp-block-spacer\"><\/div>\n\n\n\n<p>1. Nosotros y nuestro compromiso:<\/p>\n\n\n\n<p>Nuestro \u00abgrupo empresarial\u00bb o \u00abgrupo de empresas que ejercen una actividad empresarial conjunta\u00bb, tal y como estos conceptos resultan definidos y considerados por el Reglamento (UE) 2016\/679 del Parlamento Europeo y del Consejo de 27 de abril de 2016, concretamente en su art. 4, puntos 19) y 20), est\u00e1 compuesto por las empresas que integran el Grupo Econ\u00f3mico De Prado, que en adelante se denominar\u00e1 GRUPO DE PRADO.<\/p>\n\n\n\n<p>Teniendo en cuenta la proporcionalidad y adecuaci\u00f3n que impone la capacidad de asignaci\u00f3n de los recursos y medios t\u00e9cnicos de los que dispone, GRUPO DE PRADO est\u00e1 profunda y realmente comprometido y comprometido con la protecci\u00f3n de sus clientes y colaboradores habituales u ocasionales, as\u00ed como de los usuarios de nuestros distintos soportes y plataformas, f\u00edsicas o digitales, es decir, archivos en papel, archivos digitales y\/o sitios web en uso o por implementar, en lo que respecta a su privacidad y al tratamiento y circulaci\u00f3n de sus datos personales.<\/p>\n\n\n\n<p>Nuestros dispositivos y medios de recogida de datos personales en uso:<\/p>\n\n\n\n<p>&#8211; Tenemos, editamos y gestionamos los siguientes soportes de datos personales<\/p>\n\n\n\n<p>&#8211; Sistema inform\u00e1tico compuesto por un conjunto de soluciones de software apoyado por un conjunto de dispositivos de hardware y otras soluciones similares, incluyendo servicios de correo electr\u00f3nico y otros repositorios digitales externos complementados por soluciones de comunicaci\u00f3n digital;<\/p>\n\n\n\n<p>&#8211; Archivos de papel almacenados en armarios y estanter\u00edas en salas de acceso restringido;<\/p>\n\n\n\n<p>&#8211; P\u00e1gina web del GRUPO DE PRADO.<\/p>\n\n\n\n<p>2. \u00c1mbito personal y material de esta Pol\u00edtica de Privacidad:<\/p>\n\n\n\n<p>La presente Pol\u00edtica de Privacidad vincula al Grupo de Empresas, exclusivamente en lo que respecta a los datos personales que recoge, trata y difunde.<\/p>\n\n\n\n<p>La misma o similar pol\u00edtica ser\u00e1 asumida tambi\u00e9n, mediante acuerdos contractuales suscritos con el GRUPO DE PRADO, por las entidades que traten los mismos datos personales por cuenta de \u00e9ste.<\/p>\n\n\n\n<p>3. La raz\u00f3n de ser y la publicaci\u00f3n de esta Pol\u00edtica de Privacidad:<\/p>\n\n\n\n<p>Adem\u00e1s de implementarla en sus procesos organizativos, GRUPO DE PRADO ha redactado esta Pol\u00edtica de Privacidad con el objetivo de poner a disposici\u00f3n, dar a conocer y publicitar un instrumento explicativo de las normas generales de privacidad y tratamiento de datos personales que recoge, siempre en estricto cumplimiento de la Legislaci\u00f3n correspondiente.<\/p>\n\n\n\n<p>Para ello, el texto de esta pol\u00edtica de privacidad estar\u00e1 disponible en formato papel en nuestras instalaciones y en formato digital en el sitio web [&#8230;.].<\/p>\n\n\n\n<p>Las disposiciones de esta Pol\u00edtica de Privacidad complementan lo estipulado en la misma materia en los contratos, formales o informales, que los sujetos celebren con GRUPO DE PRADO.<\/p>\n\n\n\n<p>Le rogamos que lea atentamente esta Pol\u00edtica de Privacidad, ya que el hecho de facilitar sus datos personales, ya sea personalmente, o al acceder a esta web, implica que conoce y acepta las condiciones aqu\u00ed recogidas y el tratamiento de los mismos para las finalidades l\u00edcitas y leg\u00edtimas previstas en la ley.<\/p>\n\n\n\n<p>GRUPO DE PRADO se reserva expresamente el derecho, en cualquier momento, de modificar la presente pol\u00edtica de privacidad, cuyo resultado ser\u00e1 debidamente publicitado por el mismo medio.<\/p>\n\n\n\n<p>4. Concepto de datos personales:<\/p>\n\n\n\n<p>Por datos personales se entender\u00e1 cualquier informaci\u00f3n o registro, de cualquier naturaleza y con independencia de su soporte o formato, a saber, sonido, imagen, escritura, quirograf\u00eda o caracter\u00edstica, relativa a una persona f\u00edsica identificada o identificable.<\/p>\n\n\n\n<p>Se considera persona identificable aquella que puede ser identificada directa o indirectamente por referencia a uno o varios datos personales concretos, solos o en combinaci\u00f3n con otros, incluida su identidad o ubicaci\u00f3n f\u00edsica, fisiol\u00f3gica, ps\u00edquica, econ\u00f3mica, \u00e9tnica, cultural, geogr\u00e1fica y social.<\/p>\n\n\n\n<p>5. La entidad responsable del tratamiento de los datos personales:<\/p>\n\n\n\n<p>El responsable de la recogida y tratamiento de los datos personales es GRUPO DE PRADO, que en el marco de las relaciones que mantiene con el titular de los datos personales establece, siempre sobre una base l\u00edcita y leg\u00edtima, qu\u00e9 datos se recogen, los medios de tratamiento y las finalidades de dicha recogida y tratamiento.<\/p>\n\n\n\n<p>6. Tipos de datos personales recogidos y tratados:<\/p>\n\n\n\n<p>En el \u00e1mbito de su actividad, GRUPO DE PRADO recoge y procesa, en particular:<\/p>\n\n\n\n<p>1. Datos personales necesarios para suministrar productos a sus clientes, tratando en este contexto datos como el nombre, el n\u00famero de identificaci\u00f3n fiscal, la direcci\u00f3n, el n\u00famero de tel\u00e9fono y la direcci\u00f3n de correo electr\u00f3nico, entre otros estrictamente necesarios, proporcionales y legales.<\/p>\n\n\n\n<p>2. Datos personales necesarios para la recepci\u00f3n de bienes o servicios de sus proveedores, tratando datos como el nombre, el n\u00famero de identificaci\u00f3n fiscal, la direcci\u00f3n, el n\u00famero de tel\u00e9fono y la direcci\u00f3n de correo electr\u00f3nico, entre otros que sean estrictamente necesarios, proporcionales y l\u00edcitos.<\/p>\n\n\n\n<p>3. Los datos personales necesarios para la ejecuci\u00f3n del contrato de trabajo o la prestaci\u00f3n de servicios a sus empleados, el tratamiento de datos como el nombre, n\u00famero de documento de identificaci\u00f3n y otros datos, n\u00famero de identificaci\u00f3n fiscal, la composici\u00f3n del hogar, n\u00famero de la seguridad social, direcci\u00f3n, n\u00famero de tel\u00e9fono y direcci\u00f3n de correo electr\u00f3nico, datos de salud, el acceso, la ubicaci\u00f3n, entre otros estrictamente necesario, proporcional y legal.<\/p>\n\n\n\n<p>4. Datos personales necesarios para el cumplimiento de obligaciones legales, ya sea ante entidades p\u00fablicas o privadas, trat\u00e1ndose de datos como nombre, n\u00famero de documento de identificaci\u00f3n y otros datos, n\u00famero de identificaci\u00f3n fiscal, composici\u00f3n familiar, n\u00famero de seguridad social, direcci\u00f3n(es) n\u00fameros de tel\u00e9fono y direcci\u00f3n de correo electr\u00f3nico, datos de salud, entre otros estrictamente necesarios, proporcionales y l\u00edcitos.<\/p>\n\n\n\n<p>5. Datos necesarios para la gesti\u00f3n de clientes y proveedores, la contrataci\u00f3n y gesti\u00f3n de la relaci\u00f3n contractual con clientes y proveedores, la adecuaci\u00f3n de la prestaci\u00f3n de servicios adecuados a las necesidades e intereses del cliente, incluyendo el env\u00edo de sugerencias, informaci\u00f3n y acciones de marketing, la difusi\u00f3n de campa\u00f1as, promociones, publicidad y noticias sobre los servicios y\/o productos, la realizaci\u00f3n de estudios de mercado y\/o encuestas de satisfacci\u00f3n, la gesti\u00f3n de reclamaciones, la tramitaci\u00f3n en este \u00e1mbito, direcci\u00f3n (es) n\u00fameros de tel\u00e9fono y direcci\u00f3n de correo electr\u00f3nico, entre otros estrictamente necesarios, proporcionales y l\u00edcitos.<\/p>\n\n\n\n<p>6. Todos los datos personales necesarios para el ejercicio de los derechos de GRUPO DE PRADO en las relaciones mencionadas en los puntos anteriores, y en el desarrollo de su actividad e inter\u00e9s leg\u00edtimo, incluyendo la gesti\u00f3n contable, fiscal y administrativa, la gesti\u00f3n de litigios, la prueba judicial, la detecci\u00f3n del fraude, la protecci\u00f3n de los ingresos y la auditor\u00eda, la gesti\u00f3n de redes y sistemas, el control de la seguridad de la informaci\u00f3n y la seguridad f\u00edsica, y la seguridad de las instalaciones.<\/p>\n\n\n\n<p>Sin perjuicio del cumplimiento de la normativa legal, o de las \u00f3rdenes leg\u00edtimas emitidas por las autoridades competentes, en materia de almacenamiento y transmisi\u00f3n de datos, GRUPO DE PRADO s\u00f3lo trata los datos personales necesarios para su actividad, en la justa y estricta medida que exige la naturaleza de la relaci\u00f3n contractual, o cualquier otra relaci\u00f3n establecida con el titular de dichos datos, o el consentimiento previo, leg\u00edtimo, legal e informado de \u00e9ste, en su caso.<\/p>\n\n\n\n<p>7. Momento y modo de recogida de los datos personales:<\/p>\n\n\n\n<p>GRUPO DE PRADO recoge los datos personales personalmente, por escrito, por tel\u00e9fono o a trav\u00e9s de su p\u00e1gina web.<\/p>\n\n\n\n<p>Por regla general, los datos personales se recogen cuando se inicia la relaci\u00f3n o colaboraci\u00f3n, contractual o no, necesaria para el desarrollo de la actividad del GRUPO PRADO, entre \u00e9ste y el interesado.<\/p>\n\n\n\n<p>Algunos datos personales son obligatorios y necesarios para el inicio y desarrollo normal y legal de esta relaci\u00f3n o colaboraci\u00f3n, por lo que en ausencia o insuficiencia de los mismos, \u00e9sta no se iniciar\u00e1 o continuar\u00e1, y en este caso, el GRUPO DE PRADO informar\u00e1 al titular de los datos de este car\u00e1cter obligatorio y necesario.<\/p>\n\n\n\n<p>Aparte de los de esta naturaleza, los incluidos en cualquier lista p\u00fablica y los que puedan ser utilizados en inter\u00e9s leg\u00edtimo del GRUPO DE PRADO, sus datos s\u00f3lo se recoger\u00e1n y tratar\u00e1n si y para los fines a los que previamente haya dado su consentimiento, libre, informado, espec\u00edfico e inequ\u00edvoco, mediante declaraci\u00f3n escrita u oral o validando una opci\u00f3n, concretamente para la suscripci\u00f3n de boletines o comunicaciones de marketing, en cuyo caso se aplicar\u00e1n las dem\u00e1s normas de esta pol\u00edtica de privacidad.<\/p>\n\n\n\n<p>Si desea dejar de recibir estas comunicaciones, puede expresar su oposici\u00f3n en cualquier momento.<\/p>\n\n\n\n<p>Los datos recogidos ser\u00e1n objeto de tratamiento en soporte papel o digital, con estricto cumplimiento de la normativa reguladora de la protecci\u00f3n de datos de car\u00e1cter personal, quedando almacenados y contenidos en ficheros de papel y\/o base de datos espec\u00edfica, creada y gestionada al efecto y de acceso restringido y exclusivo a los empleados del GRUPO DE PRADO, o a los subcontratistas que act\u00faen por cuenta del mismo, que necesariamente hayan de tratarlos en el ejercicio de su actividad. En ning\u00fan caso se utilizar\u00e1n los datos recogidos para una finalidad distinta de aquella para la que el titular dio su consentimiento, si es necesario, o para la finalidad l\u00edcita y leg\u00edtima en la que se bas\u00f3 la recogida.<\/p>\n\n\n\n<p>8. Fines para los que se recogen y tratan los datos personales:<\/p>\n\n\n\n<p>En general, los datos personales recogidos tienen como finalidad la gesti\u00f3n de clientes, proveedores y empleados, la contrataci\u00f3n y gesti\u00f3n de la relaci\u00f3n contractual con clientes, proveedores y empleados, la adecuaci\u00f3n de la prestaci\u00f3n de los suministros a las necesidades e intereses del cliente, el env\u00edo de sugerencias, informaci\u00f3n y acciones de marketing, publicitar campa\u00f1as, promociones, publicidad y noticias sobre los servicios y\/o productos, la realizaci\u00f3n de estudios de mercado y\/o encuestas de satisfacci\u00f3n la gesti\u00f3n de reclamaciones, la gesti\u00f3n contable, fiscal y administrativa, la gesti\u00f3n de litigios, las pruebas judiciales, la detecci\u00f3n del fraude, la protecci\u00f3n y auditor\u00eda de los ingresos, la gesti\u00f3n de redes y sistemas, el control de la seguridad de la informaci\u00f3n y la seguridad f\u00edsica, la seguridad de las instalaciones, el cumplimiento de las obligaciones legales y para otras finalidades que la Ley reconoce al GRUPO DE PRADO como inter\u00e9s leg\u00edtimo.<\/p>\n\n\n\n<p>Cuando se recojan los datos, o cuando usted lo solicite, se le informar\u00e1 con m\u00e1s detalle de c\u00f3mo trataremos sus datos.<\/p>\n\n\n\n<p>9. Plazos de conservaci\u00f3n de sus datos personales:<\/p>\n\n\n\n<p>Cuando exista un requisito legal espec\u00edfico que exija la conservaci\u00f3n de los datos durante un periodo m\u00ednimo de tiempo, \u00e9ste ser\u00e1 observado por GRUPO DE PRADO.<\/p>\n\n\n\n<p>GRUPO DE PRADO mantendr\u00e1 sus datos personales almacenados durante el periodo de tiempo m\u00ednimo estrictamente necesario para la finalidad para la que se recoge y trata la informaci\u00f3n, tras lo cual ser\u00e1n eliminados.<\/p>\n\n\n\n<p>10. Derecho de acceso, rectificaci\u00f3n, oposici\u00f3n, supresi\u00f3n, limitaci\u00f3n y portabilidad de sus datos personales:<\/p>\n\n\n\n<p>Es por GRUPO DE PRADO garantiza al titular de los datos personales, el derecho de acceso, rectificaci\u00f3n, oposici\u00f3n, supresi\u00f3n, limitaci\u00f3n y portabilidad de sus datos personales.<\/p>\n\n\n\n<p>El ejercicio de estos derechos puede realizarse por tel\u00e9fono [&#8230;.] o mediante comunicaci\u00f3n escrita dirigida a la direcci\u00f3n postal GRUPO DE PRADO, [&#8230;] o electr\u00f3nica [&#8230;].<\/p>\n\n\n\n<p>Si lo considera pertinente, puede presentar una reclamaci\u00f3n ante la Comisi\u00f3n Nacional de Protecci\u00f3n de Datos &#8211; Av. D. Carlos I, 134 &#8211; 1.\u00ba 1200-651 Lisboa &#8211; Tel: +351 213928400 &#8211; Fax: +351 213976832 &#8211; e-mail: geral@cnpd.pt<\/p>\n\n\n\n<p>11. Medidas que adoptamos con vistas a la seguridad de sus datos personales:<\/p>\n\n\n\n<p>GRUPO DE PRADO observa las mejores pr\u00e1cticas, para lo cual adopta las medidas t\u00e9cnicas y organizativas adecuadas al riesgo, en materia de seguridad y protecci\u00f3n de datos de car\u00e1cter personal, y a tal fin ha aprobado e implantado un exigente plan de cumplimiento de los objetivos, de la Ley y de los intereses de los titulares de los datos personales, capaz de salvaguardar la protecci\u00f3n de los datos puestos a nuestra disposici\u00f3n por todos aquellos que de alguna manera se relacionan con nosotros, a fin de protegerlos contra su divulgaci\u00f3n, p\u00e9rdida, mal uso, alteraci\u00f3n, tratamiento o acceso no autorizado, as\u00ed como contra cualquier otra forma de tratamiento il\u00edcito.<\/p>\n\n\n\n<p>As\u00ed, el\/los formulario\/s de recogida de datos personales digitales o en papel, tanto si se cumplimentan en las instalaciones f\u00edsicas del GRUPO DE PRADO, como en la\/s p\u00e1gina\/s web, (que requieren sesiones de navegaci\u00f3n encriptadas) o con cualquiera de los empleados del GRUPO DE PRADO, se almacenan de forma segura en nuestros repositorios f\u00edsicos y sistemas digitales.<\/p>\n\n\n\n<p>Todos los datos personales que usted nos proporciona son almacenados en un Centro de Datos de GRUPO DE PRADO, o de un subcontratista, al amparo de todas las medidas de seguridad f\u00edsica y log\u00edstica avanzadas que consideramos imprescindibles para la protecci\u00f3n de sus datos personales.<\/p>\n\n\n\n<p>Cuando, en el leg\u00edtimo y l\u00edcito cumplimiento de los fines empresariales del GRUPO DE PRADO, \u00e9ste adopte medidas de control de sus empleados, especialmente en lo que se refiere al control de accesos, horarios, tareas y productividad, desplazamientos y transportes, no s\u00f3lo los afectados tendr\u00e1n conocimiento previo de la respectiva implantaci\u00f3n -y, siempre que sea legalmente necesario y l\u00edcito, se solicitar\u00e1 su consentimiento-, sino que las herramientas utilizadas al efecto garantizar\u00e1n el mismo nivel de seguridad de los datos personales recogidos y tratados por ellos.<\/p>\n\n\n\n<p>12. Comunicaci\u00f3n de datos a otras entidades, subcontratistas o terceros:<\/p>\n\n\n\n<p>GRUPO DE PRADO podr\u00e1 recurrir a subcontratistas para la recogida y el tratamiento de los datos, con las mismas finalidades que el que se pretende, obteniendo de estas entidades por v\u00eda contractual, garant\u00eda reputacional y obligaci\u00f3n de desarrollar las medidas t\u00e9cnicas y organizativas adecuadas para proteger los datos y asegurar la defensa de los derechos de los interesados. En determinadas circunstancias determinadas por la Ley, ciertos datos personales pueden tener que ser comunicados a las autoridades p\u00fablicas, como las autoridades fiscales, los tribunales y las fuerzas de seguridad.<\/p>\n\n\n\n<p>En consecuencia, dichas entidades subcontratadas tratar\u00e1n los datos personales de nuestros clientes por cuenta de GRUPO DE PRADO, con la obligaci\u00f3n de adoptar las medidas t\u00e9cnicas y organizativas adecuadas al riesgo para proteger los datos personales contra la destrucci\u00f3n, la p\u00e9rdida accidental o il\u00edcita, la alteraci\u00f3n, la difusi\u00f3n o el acceso no autorizados, y contra cualquier otra forma de tratamiento il\u00edcito.<\/p>\n\n\n\n<p>13. Transferencia de datos personales:<\/p>\n\n\n\n<p>El ejercicio de la actividad de GRUPO DE PRADO puede implicar la transferencia de sus datos fuera de Portugal.<\/p>\n\n\n\n<p>En este caso, GRUPO DE PRADO cumplir\u00e1 estrictamente con las disposiciones legales aplicables, especialmente en lo que se refiere a la determinaci\u00f3n de la fiabilidad e idoneidad del pa\u00eds de destino en materia de protecci\u00f3n de datos personales, as\u00ed como los requisitos aplicables a dichas transferencias.<\/p>\n\n\n\n<p>14. Las cookies:<\/p>\n\n\n\n<p>Las cookies son archivos digitales que contienen peque\u00f1as piezas de informaci\u00f3n (y normalmente con un identificador \u00fanico), que se descargan y almacenan en el dispositivo de un visitante de un determinado sitio web. Pueden ser temporales (se eliminan autom\u00e1ticamente al cerrar el navegador) o persistentes (hasta una fecha de caducidad definida), as\u00ed como originales (definidas por la entidad que gestiona el sitio) o responsabilidad de terceros.<\/p>\n\n\n\n<p>Las cookies se pueden clasificar seg\u00fan la finalidad a la que sirven.<\/p>\n\n\n\n<p>Algunas cookies son estrictamente necesarias para el funcionamiento del sitio web, mientras que otras recogen informaci\u00f3n estad\u00edstica con el fin de analizar el uso del sitio web y su rendimiento.<\/p>\n\n\n\n<p>Hay cookies que se utilizan para garantizar la provisi\u00f3n de funciones adicionales al sitio web o para almacenar las preferencias del visitante en cuanto a la navegaci\u00f3n por el sitio web, cada vez que utiliza el mismo dispositivo.<\/p>\n\n\n\n<p>Tambi\u00e9n pueden utilizarse otras cookies para medir el \u00e9xito de las aplicaciones y la eficacia de la publicidad de terceros.<\/p>\n\n\n\n<p>La informaci\u00f3n recogida a trav\u00e9s de las Cookies no ser\u00e1 tratada por el Grupo de forma que su titular sea identificado o identificable, siempre que no sea as\u00ed, se solicitar\u00e1 al usuario su consentimiento para el tratamiento de los datos, en los t\u00e9rminos previstos en la legislaci\u00f3n<\/p>\n","protected":false},"excerpt":{"rendered":"<p>Aviso Legal 1. Nosotros y nuestro compromiso: Nuestro \u00abgrupo empresarial\u00bb o \u00abgrupo de empresas que ejercen una actividad empresarial conjunta\u00bb, tal y como estos conceptos resultan definidos y considerados por el Reglamento (UE) 2016\/679 del Parlamento Europeo y del Consejo de 27 de abril de 2016, concretamente en su art. 4, puntos 19) y 20),&hellip;<\/p>\n","protected":false},"author":1,"featured_media":0,"parent":0,"menu_order":0,"comment_status":"closed","ping_status":"closed","template":"","meta":{"footnotes":""},"class_list":["post-978","page","type-page","status-publish","hentry"],"_links":{"self":[{"href":"https:\/\/greenbepharma.com\/es\/wp-json\/wp\/v2\/pages\/978","targetHints":{"allow":["GET"]}}],"collection":[{"href":"https:\/\/greenbepharma.com\/es\/wp-json\/wp\/v2\/pages"}],"about":[{"href":"https:\/\/greenbepharma.com\/es\/wp-json\/wp\/v2\/types\/page"}],"author":[{"embeddable":true,"href":"https:\/\/greenbepharma.com\/es\/wp-json\/wp\/v2\/users\/1"}],"replies":[{"embeddable":true,"href":"https:\/\/greenbepharma.com\/es\/wp-json\/wp\/v2\/comments?post=978"}],"version-history":[{"count":0,"href":"https:\/\/greenbepharma.com\/es\/wp-json\/wp\/v2\/pages\/978\/revisions"}],"wp:attachment":[{"href":"https:\/\/greenbepharma.com\/es\/wp-json\/wp\/v2\/media?parent=978"}],"curies":[{"name":"wp","href":"https:\/\/api.w.org\/{rel}","templated":true}]}}