{"id":973,"date":"2022-10-06T10:17:00","date_gmt":"2022-10-06T10:17:00","guid":{"rendered":"https:\/\/greenbepharma.com\/cookies-policy\/"},"modified":"2023-02-16T06:52:33","modified_gmt":"2023-02-16T06:52:33","slug":"politica-de-cookies","status":"publish","type":"page","link":"https:\/\/greenbepharma.com\/es\/politica-de-cookies\/","title":{"rendered":"Pol\u00edtica de Cookies"},"content":{"rendered":"\n<h1 class=\"wp-block-heading\">Pol\u00edtica de Cookies<\/h1>\n\n\n\n<div style=\"height:25px\" aria-hidden=\"true\" class=\"wp-block-spacer\"><\/div>\n\n\n\n<p>Las cookies son archivos digitales que contienen peque\u00f1as piezas de informaci\u00f3n (y normalmente con un identificador \u00fanico), que se descargan y almacenan en el dispositivo de un visitante de un determinado sitio web. Pueden ser temporales (se eliminan autom\u00e1ticamente al cerrar el navegador) o persistentes (hasta una fecha de caducidad definida), as\u00ed como originales (definidas por la entidad que gestiona el sitio) o responsabilidad de terceros.<\/p>\n\n\n\n<p>Las cookies se pueden clasificar seg\u00fan la finalidad a la que sirven.<\/p>\n\n\n\n<p>Algunas cookies son estrictamente necesarias para el funcionamiento del sitio web, mientras que otras recogen informaci\u00f3n estad\u00edstica con el fin de analizar el uso del sitio web y su rendimiento.<\/p>\n\n\n\n<p>Hay cookies que se utilizan para garantizar la provisi\u00f3n de funciones adicionales al sitio web o para almacenar las preferencias del visitante en cuanto a la navegaci\u00f3n por el sitio web, cada vez que utiliza el mismo dispositivo.<\/p>\n\n\n\n<p>Tambi\u00e9n pueden utilizarse otras cookies para medir el \u00e9xito de las aplicaciones y la eficacia de la publicidad de terceros.<\/p>\n\n\n\n<p>La informaci\u00f3n recogida a trav\u00e9s de las Cookies no ser\u00e1 tratada por el Grupo de forma que su titular sea identificado o identificable, siempre que no sea as\u00ed, se solicitar\u00e1 al usuario su consentimiento para el tratamiento de los datos, en los t\u00e9rminos previstos en la legislaci\u00f3n<\/p>\n","protected":false},"excerpt":{"rendered":"<p>Pol\u00edtica de Cookies Las cookies son archivos digitales que contienen peque\u00f1as piezas de informaci\u00f3n (y normalmente con un identificador \u00fanico), que se descargan y almacenan en el dispositivo de un visitante de un determinado sitio web. Pueden ser temporales (se eliminan autom\u00e1ticamente al cerrar el navegador) o persistentes (hasta una fecha de caducidad definida), as\u00ed&hellip;<\/p>\n","protected":false},"author":1,"featured_media":0,"parent":0,"menu_order":0,"comment_status":"closed","ping_status":"closed","template":"","meta":{"footnotes":""},"class_list":["post-973","page","type-page","status-publish","hentry"],"_links":{"self":[{"href":"https:\/\/greenbepharma.com\/es\/wp-json\/wp\/v2\/pages\/973","targetHints":{"allow":["GET"]}}],"collection":[{"href":"https:\/\/greenbepharma.com\/es\/wp-json\/wp\/v2\/pages"}],"about":[{"href":"https:\/\/greenbepharma.com\/es\/wp-json\/wp\/v2\/types\/page"}],"author":[{"embeddable":true,"href":"https:\/\/greenbepharma.com\/es\/wp-json\/wp\/v2\/users\/1"}],"replies":[{"embeddable":true,"href":"https:\/\/greenbepharma.com\/es\/wp-json\/wp\/v2\/comments?post=973"}],"version-history":[{"count":0,"href":"https:\/\/greenbepharma.com\/es\/wp-json\/wp\/v2\/pages\/973\/revisions"}],"wp:attachment":[{"href":"https:\/\/greenbepharma.com\/es\/wp-json\/wp\/v2\/media?parent=973"}],"curies":[{"name":"wp","href":"https:\/\/api.w.org\/{rel}","templated":true}]}}